{"id":3,"date":"2023-10-13T08:03:35","date_gmt":"2023-10-13T08:03:35","guid":{"rendered":"https:\/\/viennacitycard.com\/?page_id=3"},"modified":"2025-03-25T17:36:05","modified_gmt":"2025-03-25T17:36:05","slug":"privatlivspolitik","status":"publish","type":"page","link":"https:\/\/viennacitycard.com\/da\/privatlivspolitik\/","title":{"rendered":"Privatlivspolitik"},"content":{"rendered":"<h1 class=\"wp-block-heading\"><strong>Privatlivspolitik<\/strong><\/h1>\n\n\n\n<p>Personlige data kan bruges til personalisering af reklamer, og cookies kan bruges til b\u00e5de personaliserede og ikke-personaliserede reklamer.<\/p>\n\n\n\n<p>Denne blog&nbsp;<strong>repr\u00e6senterer ikke en avis<\/strong>&nbsp;da den opdateres uden nogen form for regelm\u00e6ssighed. Den kan derfor ikke betragtes som et redaktionelt produkt i henhold til lov nr. 62 af 7.03.2001.<\/p>\n\n\n\n<p>Forfatteren er ikke ansvarlig for, hvad l\u00e6serne skriver i kommentarerne til de enkelte indl\u00e6g.<\/p>\n\n\n\n<p>Kommentarer, der anses for kr\u00e6nkende eller skadelige for tredjeparts image eller \u00e6re, spammende, racistiske eller indeholder personlige data, der ikke er i overensstemmelse med reglerne om beskyttelse af personlige oplysninger, vil blive slettet.<\/p>\n\n\n\n<p>Nogle tekster eller billeder i denne blog er taget fra internettet og anses derfor for at v\u00e6re offentligt tilg\u00e6ngelige; hvis deres offentligg\u00f8relse kr\u00e6nker ophavsretten, bedes du underrette os via e-mail. De vil blive fjernet med det samme.<\/p>\n\n\n\n<p>Forfatteren af bloggen er ikke ansvarlig for linkede sider eller deres indhold, som kan \u00e6ndre sig over tid.<\/p>\n\n\n\n<div style=\"height:15px\" aria-hidden=\"true\" class=\"wp-block-spacer\"><\/div>\n\n\n\n\n\n\n<div style=\"height:25px\" aria-hidden=\"true\" class=\"wp-block-spacer\"><\/div>\n\n\n\n<h2 class=\"wp-block-heading\"><strong>Kommentar til indhold<\/strong><\/h2>\n\n\n\n<p>Kommentartjenester giver brugerne mulighed for at formulere og offentligg\u00f8re deres egne kommentarer vedr\u00f8rende indholdet af denne applikation.<br>Afh\u00e6ngigt af de indstillinger, der er besluttet af den dataansvarlige, kan brugerne ogs\u00e5 efterlade kommentarer anonymt. I tilf\u00e6lde af at de personlige data, der leveres af brugeren, inkluderer e-mail, kan dette bruges til at sende meddelelser om kommentarer til det samme indhold. Brugerne er ansvarlige for indholdet af deres kommentarer.<br>Hvis der er installeret en kommentartjeneste, der leveres af tredjeparter, er det muligt, at selv om brugerne ikke bruger kommentartjenesten, vil den indsamle trafikdata vedr\u00f8rende de sider, hvor kommentartjenesten er installeret.<\/p>\n\n\n\n<div style=\"height:25px\" aria-hidden=\"true\" class=\"wp-block-spacer\"><\/div>\n\n\n\n<h3 class=\"wp-block-heading\"><strong>Facebook-kommentarer (Facebook)<\/strong><\/h3>\n\n\n\n<p>Facebook Comments er en tjeneste, der drives af Facebook Inc., og som g\u00f8r det muligt for brugeren at skrive kommentarer og dele dem p\u00e5 Facebook-platformen.<\/p>\n\n\n\n<ul class=\"wp-block-list\">\n<li><strong>Indsamlede personlige data<\/strong>Cookies og brugsdata.<\/li>\n\n\n\n<li><strong>Sted for forarbejdning:<\/strong> USA&nbsp;<a href=\"http:\/\/www.facebook.com\/privacy\/explanation.php\" target=\"_blank\" rel=\"noreferrer noopener\">Privatlivspolitik<\/a><\/li>\n<\/ul>\n\n\n\n<div style=\"height:25px\" aria-hidden=\"true\" class=\"wp-block-spacer\"><\/div>\n\n\n\n<h3 class=\"wp-block-heading\"><strong>Disqus (Disqus)<\/strong><\/h3>\n\n\n\n<p>Disqus er en indholdskommentartjeneste, der leveres af Big Heads Labs Inc.<\/p>\n\n\n\n<ul class=\"wp-block-list\">\n<li><strong>Personlige data indsamlet:<\/strong> Cookies og brugsdata.<\/li>\n\n\n\n<li><strong>Sted for forarbejdning<\/strong>: USA -&nbsp;<a href=\"http:\/\/docs.disqus.com\/help\/30\/\" target=\"_blank\" rel=\"noreferrer noopener\">Privatlivspolitik<\/a>&nbsp;\u2013&nbsp;<a href=\"https:\/\/help.disqus.com\/customer\/portal\/articles\/1657951\" target=\"_blank\" rel=\"noreferrer noopener\">Frav\u00e6lg<\/a><\/li>\n<\/ul>\n\n\n\n<div style=\"height:25px\" aria-hidden=\"true\" class=\"wp-block-spacer\"><\/div>\n\n\n\n<h2 class=\"wp-block-heading\"><strong>Privatlivspolitik Blog<\/strong><\/h2>\n\n\n\n<p>Privatlivspolitik (art.13 D.Lgs. 196\/2003): De data, som blogdeltagere giver, n\u00e5r de registrerer sig, er begr\u00e6nset til deres e-mailadresse og er obligatoriske for at modtage besked om offentligg\u00f8relsen af et indl\u00e6g.<br>For at skrive en kommentar skal brugeren ud over e-mailadressen indtaste sit for- og efternavn, som heller ikke m\u00e5 offentligg\u00f8res sammen med den kommentar, som brugeren har skrevet, mens e-mailadressen udelukkende bruges til at sende nyheder p\u00e5 webstedet. De meninger og kommentarer, der er lagt ud af brugerne, og de oplysninger og data, der er indeholdt deri, vil ikke blive brugt til andre form\u00e5l end deres offentligg\u00f8relse p\u00e5 bloggen; is\u00e6r vil de ikke blive samlet eller valgt i specifikke databaser. Enhver behandling til statistiske form\u00e5l, som webstedet m\u00e5tte have til hensigt at udf\u00f8re i fremtiden, vil udelukkende blive udf\u00f8rt p\u00e5 et anonymt grundlag. Mens formidlingen af brugerens personlige data og dem, der kan p\u00e5vises fra indsendte kommentarer, skal forst\u00e5s som direkte tilskrives brugerens initiativ, garanterer vi, at ingen anden hypotese om transmission eller formidling af det samme derfor er overvejet. Under alle omst\u00e6ndigheder har brugeren til enhver tid mulighed for at ud\u00f8ve de rettigheder, der er fastsat i artikel 7 i lovdekret 196\/2003. For at h\u00e5ndh\u00e6ve disse rettigheder kan brugeren kontakte den dataansvarlige direkte p\u00e5 info@viennacitycard.com.<\/p>\n\n\n\n<div style=\"height:25px\" aria-hidden=\"true\" class=\"wp-block-spacer\"><\/div>\n\n\n\n<h2 class=\"wp-block-heading\"><strong>Ansvarsfraskrivelse for Google Analytics<\/strong><\/h2>\n\n\n\n<p>Dette websted bruger Google Analytics, en webanalysetjeneste leveret af Google, Inc. (\"Google\"). Google Analytics bruger \"cookies\", som er tekstfiler, der placeres p\u00e5 din computer, for at hj\u00e6lpe webstedet med at analysere, hvordan brugerne bruger webstedet. De oplysninger, der genereres af cookien om din brug af webstedet (herunder din IP-adresse), overf\u00f8res til og gemmes af Google p\u00e5 servere i USA. Google bruger disse oplysninger til at evaluere din brug af webstedet, udarbejde rapporter om webstedsaktivitet til webstedsoperat\u00f8rer og levere andre tjenester i forbindelse med webstedsaktivitet og internetbrug. Google kan ogs\u00e5 overf\u00f8re disse oplysninger til tredjeparter, hvor det kr\u00e6ves ved lov, eller hvor s\u00e5danne tredjeparter behandler oplysningerne p\u00e5 Googles vegne. Google vil ikke forbinde din IP-adresse med andre data, som Google er i besiddelse af. Du kan afvise brugen af cookies ved at v\u00e6lge de relevante indstillinger i din browser, men dette kan forhindre dig i at bruge den fulde funktionalitet p\u00e5 dette websted. Ved at bruge denne hjemmeside giver du samtykke til, at Google behandler data om dig p\u00e5 den m\u00e5de og til de form\u00e5l, der er beskrevet ovenfor.<\/p>\n\n\n\n<div style=\"height:25px\" aria-hidden=\"true\" class=\"wp-block-spacer\"><\/div>\n\n\n\n<h2 class=\"wp-block-heading\"><strong>Facebook-tilladelser, der kr\u00e6ves af denne applikation<\/strong><\/h2>\n\n\n\n<p>Denne applikation kan kr\u00e6ve visse Facebook-tilladelser, der g\u00f8r det muligt at udf\u00f8re handlinger med brugerens Facebook-konto og indsamle oplysninger, herunder personlige data, fra den.<\/p>\n\n\n\n<p>For yderligere oplysninger om f\u00f8lgende tilladelser henvises til&nbsp;<a href=\"https:\/\/developers.facebook.com\/docs\/authentication\/permissions\/\" target=\"_blank\" rel=\"noreferrer noopener\">dokumentation af Facebook-tilladelser&nbsp;<\/a>og til <a href=\"https:\/\/www.facebook.com\/about\/privacy\/\" target=\"_blank\" rel=\"noreferrer noopener\">Facebooks privatlivspolitik<\/a>.<\/p>\n\n\n\n<p>De n\u00f8dvendige tilladelser er som f\u00f8lger:<\/p>\n\n\n\n<div style=\"height:25px\" aria-hidden=\"true\" class=\"wp-block-spacer\"><\/div>\n\n\n\n<h3 class=\"wp-block-heading\"><strong>Grundl\u00e6ggende information<\/strong><\/h3>\n\n\n\n<p>Brugerens grundl\u00e6ggende oplysninger, der er registreret p\u00e5 Facebook, omfatter normalt f\u00f8lgende data: id, navn, billede, k\u00f8n og sprog og i nogle tilf\u00e6lde Facebook-\"venner\". Hvis brugeren har gjort yderligere data offentligt tilg\u00e6ngelige, vil disse v\u00e6re tilg\u00e6ngelige.<\/p>\n\n\n\n<div style=\"height:25px\" aria-hidden=\"true\" class=\"wp-block-spacer\"><\/div>\n\n\n\n<h3 class=\"wp-block-heading\"><strong>Sociale applikationer<\/strong><\/h3>\n\n\n\n<p>Disse tjenester g\u00f8r det muligt for hjemmesiden at f\u00e5 adgang til dine profildata p\u00e5 sociale netv\u00e6rk og at interagere med dit opslag. Disse tjenester aktiveres ikke automatisk, men kr\u00e6ver udtrykkelig tilladelse fra brugeren.<\/p>\n\n\n\n<div style=\"height:25px\" aria-hidden=\"true\" class=\"wp-block-spacer\"><\/div>\n\n\n\n<h3 class=\"wp-block-heading\"><strong>Login til Facebook-konto (denne applikation)<\/strong><\/h3>\n\n\n\n<p>Denne tjeneste g\u00f8r det muligt for denne applikation at oprette forbindelse til brugerens konto p\u00e5 det sociale netv\u00e6rk Facebook, der leveres af Facebook Inc.<\/p>\n\n\n\n<ul class=\"wp-block-list\">\n<li>Kr\u00e6vede tilladelser: Forskellige typer af data som specificeret i tjenestens privatlivspolitik.<\/li>\n\n\n\n<li>Forarbejdningssted: USA -&nbsp;<a href=\"http:\/\/www.facebook.com\/privacy\/explanation.php\" target=\"_blank\" rel=\"noreferrer noopener\">Privatlivspolitik<\/a><\/li>\n<\/ul>\n\n\n\n<div style=\"height:25px\" aria-hidden=\"true\" class=\"wp-block-spacer\"><\/div>\n\n\n\n<h3 class=\"wp-block-heading\"><strong>Interaktion med sociale netv\u00e6rk og eksterne platforme<\/strong><\/h3>\n\n\n\n<p>Disse tjenester tillader interaktion med sociale netv\u00e6rk eller andre eksterne platforme direkte fra applikationens sider. De interaktioner og oplysninger, der indhentes af denne applikation, er under alle omst\u00e6ndigheder underlagt brugerens privatlivsindstillinger for hvert socialt netv\u00e6rk.<br>Hvis der er installeret en social netv\u00e6rksinteraktionstjeneste, er det muligt, at den, selvom brugerne ikke bruger tjenesten, vil indsamle trafikdata vedr\u00f8rende de sider, hvor den er installeret.<\/p>\n\n\n\n<div style=\"height:25px\" aria-hidden=\"true\" class=\"wp-block-spacer\"><\/div>\n\n\n\n<h4 class=\"wp-block-heading\"><strong>Facebook Like-knap og sociale widgets (Facebook)<\/strong><\/h4>\n\n\n\n<p>Facebooks 'Like'-knap og sociale widgets er interaktionstjenester med det sociale netv\u00e6rk Facebook, leveret af Facebook Inc.<\/p>\n\n\n\n<ul class=\"wp-block-list\">\n<li>Personlige data indsamlet: Cookies og brugsdata.<\/li>\n\n\n\n<li>Forarbejdningssted: USA -&nbsp;<a href=\"http:\/\/www.facebook.com\/privacy\/explanation.php\" target=\"_blank\" rel=\"noreferrer noopener\">Privatlivspolitik<\/a><\/li>\n<\/ul>\n\n\n\n<div style=\"height:25px\" aria-hidden=\"true\" class=\"wp-block-spacer\"><\/div>\n\n\n\n<h4 class=\"wp-block-heading\"><strong>+1-knap og Google+ sociale widgets (Google)<\/strong><\/h4>\n\n\n\n<p>+1-knappen og Google+ sociale widgets er tjenester til interaktion med det sociale netv\u00e6rk Google+, der leveres af Google Inc.<\/p>\n\n\n\n<ul class=\"wp-block-list\">\n<li>Personlige data indsamlet: Cookies og brugsdata.<\/li>\n\n\n\n<li>Forarbejdningssted: USA -&nbsp;<a href=\"http:\/\/www.google.com\/intl\/it\/policies\/privacy\/\" target=\"_blank\" rel=\"noreferrer noopener\">Privatlivspolitik<\/a><\/li>\n<\/ul>\n\n\n\n<div style=\"height:25px\" aria-hidden=\"true\" class=\"wp-block-spacer\"><\/div>\n\n\n\n<h4 class=\"wp-block-heading\"><strong>Twitter Tweet-knap og sociale widgets (Twitter)<\/strong><\/h4>\n\n\n\n<p>Tweet-knappen og Twitters sociale widgets er tjenester til interaktion med det sociale netv\u00e6rk Twitter, som leveres af Twitter Inc.<\/p>\n\n\n\n<ul class=\"wp-block-list\">\n<li>Personlige data indsamlet: Cookies og brugsdata.<\/li>\n\n\n\n<li>Forarbejdningssted: USA -&nbsp;<a href=\"http:\/\/twitter.com\/privacy\" target=\"_blank\" rel=\"noreferrer noopener\">Privatlivspolitik<\/a><\/li>\n<\/ul>\n\n\n\n<div style=\"height:25px\" aria-hidden=\"true\" class=\"wp-block-spacer\"><\/div>\n\n\n\n<h2 class=\"wp-block-heading\"><strong>Dataansvarlig<\/strong><\/h2>\n\n\n\n<p>Gabriella Coppola<br>MOMS 02734080993<br>info@genovaturismo.it<\/p>\n\n\n\n<div style=\"height:25px\" aria-hidden=\"true\" class=\"wp-block-spacer\"><\/div>\n\n\n\n<h2 class=\"wp-block-heading\"><strong>Juridiske noter<\/strong><\/h2>\n\n\n\n<p>Hjemmesiden viennacitycard.com er en informationsside om Wien.<\/p>\n\n\n\n<p>Hjemmesiden viennacitycard.com er ikke en avis, da den opdateres uden nogen form for regelm\u00e6ssighed. Den kan derfor ikke betragtes som et redaktionelt produkt i henhold til lov nr. 62 af 7.03.2001.<\/p>\n\n\n\n<p>Billederne p\u00e5 denne side er taget fra internettet efter kontrol af, at de er i det offentlige dom\u00e6ne; hvis deres offentligg\u00f8relse kr\u00e6nker nogen ophavsret, bedes du underrette os via e-mail til\u00a0<a href=\"mailto:info@viennacitycard.com\">info@genovaturismo.<\/a><a href=\"mailto:info@genovaturismo.com\" target=\"_blank\" rel=\"noreferrer noopener\">com<\/a>. De vil blive fjernet med det samme.<\/p>\n\n\n\n<p>Alle oplysninger p\u00e5 webstedet<strong>\u00a0<\/strong>viennacitycard.com blev indhentet fra facilitetens officielle kanal eller ved direkte bes\u00f8g. Med forbehold for eventuelle un\u00f8jagtigheder eller udeladelser anbefaler vi, at man tjekker de officielle kanaler, f\u00f8r man bes\u00f8ger faciliteterne.<br><br><strong>Viennacitycard.com<\/strong>\u00a0fral\u00e6gger sig ethvert ansvar for eventuelle fejl eller un\u00f8jagtigheder i oplysningerne p\u00e5 webstedet og kan p\u00e5 ingen m\u00e5de holdes ansvarlig for skader af nogen art, direkte eller indirekte, der opst\u00e5r som f\u00f8lge af tillid til oplysningerne p\u00e5 viennacitycard.com.<\/p>\n\n\n\n<p>Du kan sende eventuelle fejlrapporter til e-mailadressen\u00a0<a href=\"mailto:info@genovaturismo.com\">info@genovaturismo.com<\/a>.<\/p>\n\n\n\n<div style=\"height:25px\" aria-hidden=\"true\" class=\"wp-block-spacer\"><\/div>\n\n\n\n<h2 class=\"wp-block-heading\"><strong>Billetsalg p\u00e5 Tiqets.com og GetYourGuide<\/strong><\/h2>\n\n\n\n<p>Dette websted er tilknyttet&nbsp;<a href=\"https:\/\/www.tiqets.com\/\" target=\"_blank\" rel=\"noreferrer noopener\">tiqets.com<\/a>&nbsp;e&nbsp;<a href=\"https:\/\/getyourguide.com\/\" target=\"_blank\" rel=\"noreferrer noopener\">getyourguide.com<\/a>, to af de f\u00f8rende billetsalgsplatforme i verden. K\u00f8b af billetter og alle transaktioner foreg\u00e5r p\u00e5 deres platform i fuld sikkerhed.&nbsp;<strong>Udstedte billetter er altid officielle<\/strong>. Hjemmesiden viennacitycard.com er ikke p\u00e5 nogen m\u00e5de ansvarlig for billetsalg og eftersalgsservice. Hvis du har problemer med billetsalget, bedes du kontakte tiqets.com's og getyourguide.com's supportteam p\u00e5 f\u00f8lgende adresser:<\/p>\n\n\n\n<ul class=\"wp-block-list\">\n<li>Tiqets:&nbsp;<a href=\"https:\/\/www.tiqets.com\/it\/support\/home\/\" target=\"_blank\" rel=\"noreferrer noopener\">https:\/\/www.tiqets.com\/it\/support\/home\/<\/a>.<\/li>\n\n\n\n<li>Getyourguide:&nbsp;<a href=\"https:\/\/www.getyourguide.com\/contact\/\" target=\"_blank\" rel=\"noreferrer noopener\">https:\/\/www.getyourguide.com\/contact\/<\/a><\/li>\n<\/ul>\n\n\n\n<div style=\"height:25px\" aria-hidden=\"true\" class=\"wp-block-spacer\"><\/div>\n\n\n\n<h2 class=\"wp-block-heading\"><strong>Tilknytning til Booking.com<\/strong><\/h2>\n\n\n\n<p>Dette websted er tilknyttet&nbsp;<a href=\"https:\/\/www.booking.com\/\" target=\"_blank\" rel=\"noreferrer noopener\">booking.com<\/a>, en online bookingside for hoteller i hele verden.<\/p>","protected":false},"excerpt":{"rendered":"<p>Privatlivspolitik Personlige data kan bruges til at personalisere reklamer, og cookies kan bruges til b\u00e5de personaliserede og ikke-personaliserede reklamer. Denne blog repr\u00e6senterer ikke en avis, da den opdateres uden nogen periodicitet. Den kan derfor ikke betragtes som et redaktionelt produkt i henhold til lov nr. 62 af 7.03.2001. Forfatteren...<\/p>","protected":false},"author":1,"featured_media":0,"parent":0,"menu_order":0,"comment_status":"closed","ping_status":"closed","template":"","meta":{"footnotes":""},"class_list":["post-3","page","type-page","status-publish","hentry"],"yoast_head":"<!-- This site is optimized with the Yoast SEO plugin v25.8 - https:\/\/yoast.com\/wordpress\/plugins\/seo\/ -->\n<title>Privacy Policy - Vienna City Card<\/title>\n<meta name=\"robots\" content=\"index, follow, max-snippet:-1, max-image-preview:large, max-video-preview:-1\" \/>\n<link rel=\"canonical\" href=\"https:\/\/viennacitycard.com\/da\/privatlivspolitik\/\" \/>\n<meta property=\"og:locale\" content=\"da_DK\" \/>\n<meta property=\"og:type\" content=\"article\" \/>\n<meta property=\"og:title\" content=\"Privacy Policy - Vienna City Card\" \/>\n<meta property=\"og:description\" content=\"Privacy Policy I dati personali potrebbero essere utilizzati per la personalizzazione degli annunci pubblicitari e i cookies potrebbero essere utilizzati sia per annunci personalizzati che non. Questo blog&nbsp;non rappresenta una testata giornalistica&nbsp;in quanto viene aggiornato senza alcuna periodicit\u00e0 . Non pu\u00f2 pertanto considerarsi un prodotto editoriale ai sensi della legge n\u00b0 62 del 7.03.2001. L\u2019autore...\" \/>\n<meta property=\"og:url\" content=\"https:\/\/viennacitycard.com\/da\/privatlivspolitik\/\" \/>\n<meta property=\"og:site_name\" content=\"Vienna City Card\" \/>\n<meta property=\"article:modified_time\" content=\"2025-03-25T17:36:05+00:00\" \/>\n<meta name=\"twitter:card\" content=\"summary_large_image\" \/>\n<meta name=\"twitter:label1\" content=\"Estimeret l\u00e6setid\" \/>\n\t<meta name=\"twitter:data1\" content=\"8 minutter\" \/>\n<script type=\"application\/ld+json\" class=\"yoast-schema-graph\">{\"@context\":\"https:\/\/schema.org\",\"@graph\":[{\"@type\":\"WebPage\",\"@id\":\"https:\/\/viennacitycard.com\/privacy-policy\/\",\"url\":\"https:\/\/viennacitycard.com\/privacy-policy\/\",\"name\":\"Privacy Policy - Vienna City Card\",\"isPartOf\":{\"@id\":\"https:\/\/viennacitycard.com\/#website\"},\"datePublished\":\"2023-10-13T08:03:35+00:00\",\"dateModified\":\"2025-03-25T17:36:05+00:00\",\"breadcrumb\":{\"@id\":\"https:\/\/viennacitycard.com\/privacy-policy\/#breadcrumb\"},\"inLanguage\":\"da-DK\",\"potentialAction\":[{\"@type\":\"ReadAction\",\"target\":[\"https:\/\/viennacitycard.com\/privacy-policy\/\"]}]},{\"@type\":\"BreadcrumbList\",\"@id\":\"https:\/\/viennacitycard.com\/privacy-policy\/#breadcrumb\",\"itemListElement\":[{\"@type\":\"ListItem\",\"position\":1,\"name\":\"Home\",\"item\":\"https:\/\/viennacitycard.com\/\"},{\"@type\":\"ListItem\",\"position\":2,\"name\":\"Privacy Policy\"}]},{\"@type\":\"WebSite\",\"@id\":\"https:\/\/viennacitycard.com\/#website\",\"url\":\"https:\/\/viennacitycard.com\/\",\"name\":\"Vienna City Card\",\"description\":\"La Carta Turistica Ufficiale di Vienna\",\"publisher\":{\"@id\":\"https:\/\/viennacitycard.com\/#organization\"},\"potentialAction\":[{\"@type\":\"SearchAction\",\"target\":{\"@type\":\"EntryPoint\",\"urlTemplate\":\"https:\/\/viennacitycard.com\/?s={search_term_string}\"},\"query-input\":{\"@type\":\"PropertyValueSpecification\",\"valueRequired\":true,\"valueName\":\"search_term_string\"}}],\"inLanguage\":\"da-DK\"},{\"@type\":\"Organization\",\"@id\":\"https:\/\/viennacitycard.com\/#organization\",\"name\":\"Vienna City Card\",\"url\":\"https:\/\/viennacitycard.com\/\",\"logo\":{\"@type\":\"ImageObject\",\"inLanguage\":\"da-DK\",\"@id\":\"https:\/\/viennacitycard.com\/#\/schema\/logo\/image\/\",\"url\":\"https:\/\/viennacitycard.com\/wp-content\/uploads\/2023\/10\/cropped-cropped-ViennaCard-Orizzontale.png\",\"contentUrl\":\"https:\/\/viennacitycard.com\/wp-content\/uploads\/2023\/10\/cropped-cropped-ViennaCard-Orizzontale.png\",\"width\":1280,\"height\":467,\"caption\":\"Vienna City Card\"},\"image\":{\"@id\":\"https:\/\/viennacitycard.com\/#\/schema\/logo\/image\/\"}}]}<\/script>\n<!-- \/ Yoast SEO plugin. -->","yoast_head_json":{"title":"Privatlivspolitik - Wienerkortet","robots":{"index":"index","follow":"follow","max-snippet":"max-snippet:-1","max-image-preview":"max-image-preview:large","max-video-preview":"max-video-preview:-1"},"canonical":"https:\/\/viennacitycard.com\/da\/privatlivspolitik\/","og_locale":"da_DK","og_type":"article","og_title":"Privacy Policy - Vienna City Card","og_description":"Privacy Policy I dati personali potrebbero essere utilizzati per la personalizzazione degli annunci pubblicitari e i cookies potrebbero essere utilizzati sia per annunci personalizzati che non. Questo blog&nbsp;non rappresenta una testata giornalistica&nbsp;in quanto viene aggiornato senza alcuna periodicit\u00e0 . Non pu\u00f2 pertanto considerarsi un prodotto editoriale ai sensi della legge n\u00b0 62 del 7.03.2001. L\u2019autore...","og_url":"https:\/\/viennacitycard.com\/da\/privatlivspolitik\/","og_site_name":"Vienna City Card","article_modified_time":"2025-03-25T17:36:05+00:00","twitter_card":"summary_large_image","twitter_misc":{"Estimeret l\u00e6setid":"8 minutter"},"schema":{"@context":"https:\/\/schema.org","@graph":[{"@type":"WebPage","@id":"https:\/\/viennacitycard.com\/privacy-policy\/","url":"https:\/\/viennacitycard.com\/privacy-policy\/","name":"Privatlivspolitik - Wienerkortet","isPartOf":{"@id":"https:\/\/viennacitycard.com\/#website"},"datePublished":"2023-10-13T08:03:35+00:00","dateModified":"2025-03-25T17:36:05+00:00","breadcrumb":{"@id":"https:\/\/viennacitycard.com\/privacy-policy\/#breadcrumb"},"inLanguage":"da-DK","potentialAction":[{"@type":"ReadAction","target":["https:\/\/viennacitycard.com\/privacy-policy\/"]}]},{"@type":"BreadcrumbList","@id":"https:\/\/viennacitycard.com\/privacy-policy\/#breadcrumb","itemListElement":[{"@type":"ListItem","position":1,"name":"Home","item":"https:\/\/viennacitycard.com\/"},{"@type":"ListItem","position":2,"name":"Privacy Policy"}]},{"@type":"WebSite","@id":"https:\/\/viennacitycard.com\/#website","url":"https:\/\/viennacitycard.com\/","name":"Wienerkortet","description":"Det officielle turistkort over Wien","publisher":{"@id":"https:\/\/viennacitycard.com\/#organization"},"potentialAction":[{"@type":"SearchAction","target":{"@type":"EntryPoint","urlTemplate":"https:\/\/viennacitycard.com\/?s={search_term_string}"},"query-input":{"@type":"PropertyValueSpecification","valueRequired":true,"valueName":"search_term_string"}}],"inLanguage":"da-DK"},{"@type":"Organization","@id":"https:\/\/viennacitycard.com\/#organization","name":"Wienerkortet","url":"https:\/\/viennacitycard.com\/","logo":{"@type":"ImageObject","inLanguage":"da-DK","@id":"https:\/\/viennacitycard.com\/#\/schema\/logo\/image\/","url":"https:\/\/viennacitycard.com\/wp-content\/uploads\/2023\/10\/cropped-cropped-ViennaCard-Orizzontale.png","contentUrl":"https:\/\/viennacitycard.com\/wp-content\/uploads\/2023\/10\/cropped-cropped-ViennaCard-Orizzontale.png","width":1280,"height":467,"caption":"Vienna City Card"},"image":{"@id":"https:\/\/viennacitycard.com\/#\/schema\/logo\/image\/"}}]}},"_links":{"self":[{"href":"https:\/\/viennacitycard.com\/da\/wp-json\/wp\/v2\/pages\/3","targetHints":{"allow":["GET"]}}],"collection":[{"href":"https:\/\/viennacitycard.com\/da\/wp-json\/wp\/v2\/pages"}],"about":[{"href":"https:\/\/viennacitycard.com\/da\/wp-json\/wp\/v2\/types\/page"}],"author":[{"embeddable":true,"href":"https:\/\/viennacitycard.com\/da\/wp-json\/wp\/v2\/users\/1"}],"replies":[{"embeddable":true,"href":"https:\/\/viennacitycard.com\/da\/wp-json\/wp\/v2\/comments?post=3"}],"version-history":[{"count":6,"href":"https:\/\/viennacitycard.com\/da\/wp-json\/wp\/v2\/pages\/3\/revisions"}],"predecessor-version":[{"id":881,"href":"https:\/\/viennacitycard.com\/da\/wp-json\/wp\/v2\/pages\/3\/revisions\/881"}],"wp:attachment":[{"href":"https:\/\/viennacitycard.com\/da\/wp-json\/wp\/v2\/media?parent=3"}],"curies":[{"name":"wp","href":"https:\/\/api.w.org\/{rel}","templated":true}]}}