{"id":3,"date":"2023-10-13T08:03:35","date_gmt":"2023-10-13T08:03:35","guid":{"rendered":"https:\/\/viennacitycard.com\/?page_id=3"},"modified":"2025-03-25T17:36:05","modified_gmt":"2025-03-25T17:36:05","slug":"politica-de-privacidad","status":"publish","type":"page","link":"https:\/\/viennacitycard.com\/es\/politica-de-privacidad\/","title":{"rendered":"Pol\u00edtica de privacidad"},"content":{"rendered":"<h1 class=\"wp-block-heading\"><strong>Pol\u00edtica de privacidad<\/strong><\/h1>\n\n\n\n<p>Los datos personales podr\u00edan utilizarse para la personalizaci\u00f3n de anuncios y las cookies podr\u00edan utilizarse tanto para anuncios personalizados como no personalizados.<\/p>\n\n\n\n<p>Este blog&nbsp;<strong>no representa a un peri\u00f3dico<\/strong>&nbsp;ya que se actualiza sin periodicidad alguna. Por lo tanto, no puede considerarse un producto editorial en el sentido de la Ley n\u00ba 62 de 7.03.2001.<\/p>\n\n\n\n<p>El autor no se hace responsable de lo que los lectores publiquen en los comentarios de cada entrada.<\/p>\n\n\n\n<p>Se eliminar\u00e1n los comentarios que se consideren ofensivos o perjudiciales para la imagen o el honor de terceros, spam, racistas o que contengan datos personales que no se ajusten a la Pol\u00edtica de privacidad.<\/p>\n\n\n\n<p>Algunos textos o im\u00e1genes incluidos en este blog est\u00e1n tomados de internet y, por tanto, se consideran de dominio p\u00fablico; si su publicaci\u00f3n infringe alg\u00fan derecho de autor, notif\u00edquenoslo por correo electr\u00f3nico y ser\u00e1n retirados inmediatamente.<\/p>\n\n\n\n<p>El autor del blog no se hace responsable de los sitios enlazados ni de su contenido, que puede estar sujeto a cambios con el tiempo.<\/p>\n\n\n\n<div style=\"height:15px\" aria-hidden=\"true\" class=\"wp-block-spacer\"><\/div>\n\n\n\n\n\n\n<div style=\"height:25px\" aria-hidden=\"true\" class=\"wp-block-spacer\"><\/div>\n\n\n\n<h2 class=\"wp-block-heading\"><strong>Comentarios sobre el contenido<\/strong><\/h2>\n\n\n\n<p>Los servicios de comentarios permiten a los Usuarios formular y hacer p\u00fablicos sus propios comentarios sobre el contenido de esta Aplicaci\u00f3n.<br>En funci\u00f3n de la configuraci\u00f3n decidida por el Responsable del Tratamiento, los Usuarios tambi\u00e9n podr\u00e1n dejar comentarios de forma an\u00f3nima. En caso de que los Datos Personales facilitados por el Usuario incluyan el correo electr\u00f3nico, \u00e9ste podr\u00e1 utilizarse para enviar notificaciones de comentarios sobre el mismo contenido. Los Usuarios son responsables del contenido de sus comentarios.<br>En caso de que se instale un servicio de comentarios proporcionado por terceros, es posible que, aunque los Usuarios no utilicen el servicio de comentarios, \u00e9ste recopile datos de tr\u00e1fico relativos a las p\u00e1ginas en las que est\u00e1 instalado el servicio de comentarios.<\/p>\n\n\n\n<div style=\"height:25px\" aria-hidden=\"true\" class=\"wp-block-spacer\"><\/div>\n\n\n\n<h3 class=\"wp-block-heading\"><strong>Comentarios en Facebook (Facebook)<\/strong><\/h3>\n\n\n\n<p>Facebook Comments es un servicio operado por Facebook Inc. que permite al usuario dejar comentarios y compartirlos dentro de la plataforma Facebook.<\/p>\n\n\n\n<ul class=\"wp-block-list\">\n<li><strong>Datos personales recogidos<\/strong>Cookies y datos de uso.<\/li>\n\n\n\n<li><strong>Lugar de transformaci\u00f3n:<\/strong> USA -&nbsp;<a href=\"http:\/\/www.facebook.com\/privacy\/explanation.php\" target=\"_blank\" rel=\"noreferrer noopener\">Pol\u00edtica de privacidad<\/a><\/li>\n<\/ul>\n\n\n\n<div style=\"height:25px\" aria-hidden=\"true\" class=\"wp-block-spacer\"><\/div>\n\n\n\n<h3 class=\"wp-block-heading\"><strong>Disqus (Disqus)<\/strong><\/h3>\n\n\n\n<p>Disqus es un servicio de comentarios de contenido proporcionado por Big Heads Labs Inc.<\/p>\n\n\n\n<ul class=\"wp-block-list\">\n<li><strong>Datos personales recogidos:<\/strong> Cookies y datos de uso.<\/li>\n\n\n\n<li><strong>Lugar de transformaci\u00f3n<\/strong>: EE.UU. -&nbsp;<a href=\"http:\/\/docs.disqus.com\/help\/30\/\" target=\"_blank\" rel=\"noreferrer noopener\">Pol\u00edtica de privacidad<\/a>&nbsp;-&nbsp;<a href=\"https:\/\/help.disqus.com\/customer\/portal\/articles\/1657951\" target=\"_blank\" rel=\"noreferrer noopener\">No participar<\/a><\/li>\n<\/ul>\n\n\n\n<div style=\"height:25px\" aria-hidden=\"true\" class=\"wp-block-spacer\"><\/div>\n\n\n\n<h2 class=\"wp-block-heading\"><strong>Pol\u00edtica de privacidad Blog<\/strong><\/h2>\n\n\n\n<p>Pol\u00edtica de privacidad (art.13 D.Lgs. 196\/2003): los datos que los participantes del Blog facilitan al registrarse se limitan a su direcci\u00f3n de correo electr\u00f3nico y son obligatorios para recibir la notificaci\u00f3n de la publicaci\u00f3n de un post.<br>Por otra parte, para enviar un comentario, adem\u00e1s de la direcci\u00f3n de correo electr\u00f3nico, se requiere que el usuario introduzca su nombre y apellidos, que tampoco podr\u00e1n publicarse junto con el comentario enviado por el usuario, mientras que la direcci\u00f3n de correo electr\u00f3nico se utiliza exclusivamente para el env\u00edo de noticias sobre el sitio. Las opiniones y comentarios publicados por los usuarios, as\u00ed como la informaci\u00f3n y los datos contenidos en los mismos, no se utilizar\u00e1n para ning\u00fan otro fin que no sea su publicaci\u00f3n en el Blog; en particular, no se agregar\u00e1n ni seleccionar\u00e1n en bases de datos espec\u00edficas. Cualquier tratamiento con fines estad\u00edsticos que el sitio pretenda llevar a cabo en el futuro se realizar\u00e1 exclusivamente de forma an\u00f3nima. Si bien la difusi\u00f3n de los datos personales del usuario y de aquellos detectables a partir de los comentarios publicados debe entenderse como directamente atribuible a la iniciativa del usuario, garantizamos que no se prev\u00e9, por tanto, ninguna otra hip\u00f3tesis de transmisi\u00f3n o difusi\u00f3n de los mismos. En cualquier caso, el usuario tiene en todo momento la posibilidad de ejercer los derechos previstos en el art\u00edculo 7 del Decreto Legislativo 196\/2003. Para hacer valer estos derechos, el usuario puede ponerse en contacto directamente con el responsable del tratamiento en la direcci\u00f3n info@viennacitycard.com.<\/p>\n\n\n\n<div style=\"height:25px\" aria-hidden=\"true\" class=\"wp-block-spacer\"><\/div>\n\n\n\n<h2 class=\"wp-block-heading\"><strong>Cl\u00e1usula de confidencialidad de Google Analytics<\/strong><\/h2>\n\n\n\n<p>Este sitio web utiliza Google Analytics, un servicio anal\u00edtico de web prestado por Google, Inc. (\"Google\"). Google Analytics utiliza \"cookies\", que son archivos de texto ubicados en su ordenador, para ayudar al website a analizar el uso que hacen los usuarios del sitio web. La informaci\u00f3n que genera la cookie acerca de su uso del website (incluyendo su direcci\u00f3n IP) ser\u00e1 directamente transmitida y archivada por Google en los servidores de Estados Unidos. Google usar\u00e1 esta informaci\u00f3n por cuenta nuestra con el prop\u00f3sito de seguir la pista de su uso del website, recopilando informes de la actividad del website y prestando otros servicios relacionados con la actividad del website y el uso de Internet. Google podr\u00e1 transmitir dicha informaci\u00f3n a terceros cuando as\u00ed se lo requiera la legislaci\u00f3n, o cuando dichos terceros procesen la informaci\u00f3n por cuenta de Google. Google no asociar\u00e1 su direcci\u00f3n IP con ning\u00fan otro dato del que disponga Google. Puede Usted rechazar el tratamiento de los datos o la informaci\u00f3n rechazando el uso de cookies mediante la selecci\u00f3n de la configuraci\u00f3n apropiada de su navegador, sin embargo, esto puede impedir el uso pleno de todas las funciones de este website. Al utilizar este website Usted consiente el tratamiento de informaci\u00f3n acerca de Usted por Google en la forma y para los fines arriba indicados.<\/p>\n\n\n\n<div style=\"height:25px\" aria-hidden=\"true\" class=\"wp-block-spacer\"><\/div>\n\n\n\n<h2 class=\"wp-block-heading\"><strong>Permisos de Facebook requeridos por esta aplicaci\u00f3n<\/strong><\/h2>\n\n\n\n<p>Esta Aplicaci\u00f3n puede requerir determinados permisos de Facebook que le permitan realizar acciones con la cuenta de Facebook del Usuario y recopilar informaci\u00f3n, incluidos Datos Personales, de la misma.<\/p>\n\n\n\n<p>Para m\u00e1s informaci\u00f3n sobre los siguientes permisos, consulte el&nbsp;<a href=\"https:\/\/developers.facebook.com\/docs\/authentication\/permissions\/\" target=\"_blank\" rel=\"noreferrer noopener\">documentaci\u00f3n de los permisos de Facebook&nbsp;<\/a>y al <a href=\"https:\/\/www.facebook.com\/about\/privacy\/\" target=\"_blank\" rel=\"noreferrer noopener\">Pol\u00edtica de privacidad de Facebook<\/a>.<\/p>\n\n\n\n<p>Los permisos necesarios son los siguientes:<\/p>\n\n\n\n<div style=\"height:25px\" aria-hidden=\"true\" class=\"wp-block-spacer\"><\/div>\n\n\n\n<h3 class=\"wp-block-heading\"><strong>Informaci\u00f3n b\u00e1sica<\/strong><\/h3>\n\n\n\n<p>La informaci\u00f3n b\u00e1sica del Usuario registrado en Facebook, que normalmente incluye los siguientes Datos: id, nombre, foto, sexo e idioma y, en algunos casos, \"Amigos\" de Facebook. Si el Usuario ha hecho p\u00fablicos otros Datos, estos estar\u00e1n disponibles.<\/p>\n\n\n\n<div style=\"height:25px\" aria-hidden=\"true\" class=\"wp-block-spacer\"><\/div>\n\n\n\n<h3 class=\"wp-block-heading\"><strong>Aplicaciones sociales<\/strong><\/h3>\n\n\n\n<p>Estos servicios permiten al sitio web acceder a los datos de su perfil en las redes sociales y realizar interacciones con su publicaci\u00f3n. Estos servicios no se activan autom\u00e1ticamente, sino que requieren la autorizaci\u00f3n expl\u00edcita del usuario.<\/p>\n\n\n\n<div style=\"height:25px\" aria-hidden=\"true\" class=\"wp-block-spacer\"><\/div>\n\n\n\n<h3 class=\"wp-block-heading\"><strong>Iniciar sesi\u00f3n en la cuenta de Facebook (esta aplicaci\u00f3n)<\/strong><\/h3>\n\n\n\n<p>Este servicio permite que esta Aplicaci\u00f3n se conecte con la cuenta del Usuario en la red social Facebook, proporcionada por Facebook Inc.<\/p>\n\n\n\n<ul class=\"wp-block-list\">\n<li>Permisos requeridos: Varios tipos de Datos seg\u00fan lo especificado por la pol\u00edtica de privacidad del servicio.<\/li>\n\n\n\n<li>Lugar de elaboraci\u00f3n : EE.UU. -&nbsp;<a href=\"http:\/\/www.facebook.com\/privacy\/explanation.php\" target=\"_blank\" rel=\"noreferrer noopener\">Pol\u00edtica de privacidad<\/a><\/li>\n<\/ul>\n\n\n\n<div style=\"height:25px\" aria-hidden=\"true\" class=\"wp-block-spacer\"><\/div>\n\n\n\n<h3 class=\"wp-block-heading\"><strong>Interacci\u00f3n con redes sociales y plataformas externas<\/strong><\/h3>\n\n\n\n<p>Estos servicios permiten interactuar con las redes sociales, u otras plataformas externas, directamente desde las p\u00e1ginas de la Aplicaci\u00f3n. Las interacciones y la informaci\u00f3n adquirida por esta Aplicaci\u00f3n est\u00e1n en todo caso sujetas a la configuraci\u00f3n de privacidad del Usuario relativa a cada red social.<br>Si se instala un servicio de interacci\u00f3n con redes sociales, es posible que, aunque los Usuarios no utilicen el servicio, \u00e9ste recopile datos de tr\u00e1fico relativos a las p\u00e1ginas en las que est\u00e1 instalado.<\/p>\n\n\n\n<div style=\"height:25px\" aria-hidden=\"true\" class=\"wp-block-spacer\"><\/div>\n\n\n\n<h4 class=\"wp-block-heading\"><strong>Bot\u00f3n \"Me gusta\" de Facebook y widgets sociales (Facebook)<\/strong><\/h4>\n\n\n\n<p>El bot\u00f3n \"Me gusta\" de Facebook y los widgets sociales son servicios de interacci\u00f3n con la red social Facebook, prestados por Facebook Inc.<\/p>\n\n\n\n<ul class=\"wp-block-list\">\n<li>Datos personales recogidos: cookies y datos de uso.<\/li>\n\n\n\n<li>Lugar de elaboraci\u00f3n : EE.UU. -&nbsp;<a href=\"http:\/\/www.facebook.com\/privacy\/explanation.php\" target=\"_blank\" rel=\"noreferrer noopener\">Pol\u00edtica de privacidad<\/a><\/li>\n<\/ul>\n\n\n\n<div style=\"height:25px\" aria-hidden=\"true\" class=\"wp-block-spacer\"><\/div>\n\n\n\n<h4 class=\"wp-block-heading\"><strong>Bot\u00f3n +1 y widgets sociales de Google+ (Google)<\/strong><\/h4>\n\n\n\n<p>El bot\u00f3n +1 y los widgets sociales de Google+ son servicios de interacci\u00f3n con la red social Google+, proporcionados por Google Inc.<\/p>\n\n\n\n<ul class=\"wp-block-list\">\n<li>Datos personales recogidos: cookies y datos de uso.<\/li>\n\n\n\n<li>Lugar de elaboraci\u00f3n : EE.UU. -&nbsp;<a href=\"http:\/\/www.google.com\/intl\/it\/policies\/privacy\/\" target=\"_blank\" rel=\"noreferrer noopener\">Pol\u00edtica de privacidad<\/a><\/li>\n<\/ul>\n\n\n\n<div style=\"height:25px\" aria-hidden=\"true\" class=\"wp-block-spacer\"><\/div>\n\n\n\n<h4 class=\"wp-block-heading\"><strong>Bot\u00f3n Tweet de Twitter y widgets sociales (Twitter)<\/strong><\/h4>\n\n\n\n<p>El bot\u00f3n Tweet y los widgets sociales de Twitter son servicios para interactuar con la red social Twitter, proporcionados por Twitter Inc.<\/p>\n\n\n\n<ul class=\"wp-block-list\">\n<li>Datos personales recogidos: cookies y datos de uso.<\/li>\n\n\n\n<li>Lugar de elaboraci\u00f3n : EE.UU. -&nbsp;<a href=\"http:\/\/twitter.com\/privacy\" target=\"_blank\" rel=\"noreferrer noopener\">Pol\u00edtica de privacidad<\/a><\/li>\n<\/ul>\n\n\n\n<div style=\"height:25px\" aria-hidden=\"true\" class=\"wp-block-spacer\"><\/div>\n\n\n\n<h2 class=\"wp-block-heading\"><strong>Controlador de datos<\/strong><\/h2>\n\n\n\n<p>Gabriella Coppola<br>IVA 02734080993<br>info@genovaturismo.it<\/p>\n\n\n\n<div style=\"height:25px\" aria-hidden=\"true\" class=\"wp-block-spacer\"><\/div>\n\n\n\n<h2 class=\"wp-block-heading\"><strong>Menciones legales<\/strong><\/h2>\n\n\n\n<p>El sitio viennacitycard.com es un sitio de informaci\u00f3n sobre Viena.<\/p>\n\n\n\n<p>El sitio web viennacitycard.com no es un peri\u00f3dico, ya que se actualiza sin ninguna periodicidad. Por lo tanto, no puede considerarse un producto editorial en el sentido de la ley n\u00ba 62 de 7.03.2001.<\/p>\n\n\n\n<p>Las im\u00e1genes de este sitio se han tomado de Internet tras comprobar que son de dominio p\u00fablico; si su publicaci\u00f3n infringe alg\u00fan derecho de autor, notif\u00edquenoslo por correo electr\u00f3nico a\u00a0<a href=\"mailto:info@viennacitycard.com\">info@genovaturismo.<\/a><a href=\"mailto:info@genovaturismo.com\" target=\"_blank\" rel=\"noreferrer noopener\">com<\/a>. Ser\u00e1n retirados inmediatamente.<\/p>\n\n\n\n<p>Toda la informaci\u00f3n del sitio<strong>\u00a0<\/strong>viennacitycard.com se han obtenido del canal oficial de la instalaci\u00f3n o mediante visita directa. Sin excluir posibles inexactitudes u omisiones, recomendamos comprobar los canales oficiales antes de acceder a las instalaciones.<br><br><strong>Viennacitycard.com<\/strong>\u00a0declina toda responsabilidad por cualquier error o inexactitud en la informaci\u00f3n contenida en el sitio y no ser\u00e1 responsable en ning\u00fan caso de los da\u00f1os y perjuicios de cualquier tipo, directos o indirectos, derivados de la confianza depositada en la informaci\u00f3n contenida en viennacitycard.com.<\/p>\n\n\n\n<p>Puede enviar cualquier informe de error a la direcci\u00f3n de correo electr\u00f3nico\u00a0<a href=\"mailto:info@genovaturismo.com\">info@genovaturismo.com<\/a>.<\/p>\n\n\n\n<div style=\"height:25px\" aria-hidden=\"true\" class=\"wp-block-spacer\"><\/div>\n\n\n\n<h2 class=\"wp-block-heading\"><strong>Venta de entradas en Tiqets.com y GetYourGuide<\/strong><\/h2>\n\n\n\n<p>Este sitio est\u00e1 afiliado a&nbsp;<a href=\"https:\/\/www.tiqets.com\/\" target=\"_blank\" rel=\"noreferrer noopener\">tiqets.com<\/a>&nbsp;e&nbsp;<a href=\"https:\/\/getyourguide.com\/\" target=\"_blank\" rel=\"noreferrer noopener\">getyourguide.com<\/a>dos de las principales plataformas de venta de entradas del mundo. La compra de entradas y todas las transacciones tienen lugar en su plataforma con total seguridad.&nbsp;<strong>Los billetes emitidos son siempre oficiales<\/strong>. El sitio web viennacitycard.com no se hace responsable en modo alguno de la venta de entradas ni del servicio posventa. Si tiene alg\u00fan problema con la venta de entradas, p\u00f3ngase en contacto con el equipo de asistencia de tiqets.com y getyourguide.com en las siguientes direcciones:<\/p>\n\n\n\n<ul class=\"wp-block-list\">\n<li>Tiqets:&nbsp;<a href=\"https:\/\/www.tiqets.com\/it\/support\/home\/\" target=\"_blank\" rel=\"noreferrer noopener\">https:\/\/www.tiqets.com\/it\/support\/home\/<\/a>.<\/li>\n\n\n\n<li>Getyourguide:&nbsp;<a href=\"https:\/\/www.getyourguide.com\/contact\/\" target=\"_blank\" rel=\"noreferrer noopener\">https:\/\/www.getyourguide.com\/contact\/<\/a><\/li>\n<\/ul>\n\n\n\n<div style=\"height:25px\" aria-hidden=\"true\" class=\"wp-block-spacer\"><\/div>\n\n\n\n<h2 class=\"wp-block-heading\"><strong>Afiliaci\u00f3n a Booking.com<\/strong><\/h2>\n\n\n\n<p>Este sitio est\u00e1 afiliado a&nbsp;<a href=\"https:\/\/www.booking.com\/\" target=\"_blank\" rel=\"noreferrer noopener\">booking.com<\/a>el sitio web de reservas de hoteles de todo el mundo.<\/p>","protected":false},"excerpt":{"rendered":"<p>Pol\u00edtica de privacidad Los datos personales pueden utilizarse para la personalizaci\u00f3n de anuncios y las cookies pueden utilizarse tanto para anuncios personalizados como no personalizados. Este blog no representa un peri\u00f3dico, ya que se actualiza sin ninguna periodicidad. Por lo tanto, no puede considerarse un producto editorial en el sentido de la ley n\u00ba 62 de 7.03.2001. El autor...<\/p>","protected":false},"author":1,"featured_media":0,"parent":0,"menu_order":0,"comment_status":"closed","ping_status":"closed","template":"","meta":{"footnotes":""},"class_list":["post-3","page","type-page","status-publish","hentry"],"yoast_head":"<!-- This site is optimized with the Yoast SEO plugin v25.8 - https:\/\/yoast.com\/wordpress\/plugins\/seo\/ -->\n<title>Privacy Policy - Vienna City Card<\/title>\n<meta name=\"robots\" content=\"index, follow, max-snippet:-1, max-image-preview:large, max-video-preview:-1\" \/>\n<link rel=\"canonical\" href=\"https:\/\/viennacitycard.com\/es\/politica-de-privacidad\/\" \/>\n<meta property=\"og:locale\" content=\"es_ES\" \/>\n<meta property=\"og:type\" content=\"article\" \/>\n<meta property=\"og:title\" content=\"Privacy Policy - Vienna City Card\" \/>\n<meta property=\"og:description\" content=\"Privacy Policy I dati personali potrebbero essere utilizzati per la personalizzazione degli annunci pubblicitari e i cookies potrebbero essere utilizzati sia per annunci personalizzati che non. Questo blog&nbsp;non rappresenta una testata giornalistica&nbsp;in quanto viene aggiornato senza alcuna periodicit\u00e0 . Non pu\u00f2 pertanto considerarsi un prodotto editoriale ai sensi della legge n\u00b0 62 del 7.03.2001. L\u2019autore...\" \/>\n<meta property=\"og:url\" content=\"https:\/\/viennacitycard.com\/es\/politica-de-privacidad\/\" \/>\n<meta property=\"og:site_name\" content=\"Vienna City Card\" \/>\n<meta property=\"article:modified_time\" content=\"2025-03-25T17:36:05+00:00\" \/>\n<meta name=\"twitter:card\" content=\"summary_large_image\" \/>\n<meta name=\"twitter:label1\" content=\"Tiempo de lectura\" \/>\n\t<meta name=\"twitter:data1\" content=\"8 minutos\" \/>\n<script type=\"application\/ld+json\" class=\"yoast-schema-graph\">{\"@context\":\"https:\/\/schema.org\",\"@graph\":[{\"@type\":\"WebPage\",\"@id\":\"https:\/\/viennacitycard.com\/privacy-policy\/\",\"url\":\"https:\/\/viennacitycard.com\/privacy-policy\/\",\"name\":\"Privacy Policy - Vienna City Card\",\"isPartOf\":{\"@id\":\"https:\/\/viennacitycard.com\/#website\"},\"datePublished\":\"2023-10-13T08:03:35+00:00\",\"dateModified\":\"2025-03-25T17:36:05+00:00\",\"breadcrumb\":{\"@id\":\"https:\/\/viennacitycard.com\/privacy-policy\/#breadcrumb\"},\"inLanguage\":\"es\",\"potentialAction\":[{\"@type\":\"ReadAction\",\"target\":[\"https:\/\/viennacitycard.com\/privacy-policy\/\"]}]},{\"@type\":\"BreadcrumbList\",\"@id\":\"https:\/\/viennacitycard.com\/privacy-policy\/#breadcrumb\",\"itemListElement\":[{\"@type\":\"ListItem\",\"position\":1,\"name\":\"Home\",\"item\":\"https:\/\/viennacitycard.com\/\"},{\"@type\":\"ListItem\",\"position\":2,\"name\":\"Privacy Policy\"}]},{\"@type\":\"WebSite\",\"@id\":\"https:\/\/viennacitycard.com\/#website\",\"url\":\"https:\/\/viennacitycard.com\/\",\"name\":\"Vienna City Card\",\"description\":\"La Carta Turistica Ufficiale di Vienna\",\"publisher\":{\"@id\":\"https:\/\/viennacitycard.com\/#organization\"},\"potentialAction\":[{\"@type\":\"SearchAction\",\"target\":{\"@type\":\"EntryPoint\",\"urlTemplate\":\"https:\/\/viennacitycard.com\/?s={search_term_string}\"},\"query-input\":{\"@type\":\"PropertyValueSpecification\",\"valueRequired\":true,\"valueName\":\"search_term_string\"}}],\"inLanguage\":\"es\"},{\"@type\":\"Organization\",\"@id\":\"https:\/\/viennacitycard.com\/#organization\",\"name\":\"Vienna City Card\",\"url\":\"https:\/\/viennacitycard.com\/\",\"logo\":{\"@type\":\"ImageObject\",\"inLanguage\":\"es\",\"@id\":\"https:\/\/viennacitycard.com\/#\/schema\/logo\/image\/\",\"url\":\"https:\/\/viennacitycard.com\/wp-content\/uploads\/2023\/10\/cropped-cropped-ViennaCard-Orizzontale.png\",\"contentUrl\":\"https:\/\/viennacitycard.com\/wp-content\/uploads\/2023\/10\/cropped-cropped-ViennaCard-Orizzontale.png\",\"width\":1280,\"height\":467,\"caption\":\"Vienna City Card\"},\"image\":{\"@id\":\"https:\/\/viennacitycard.com\/#\/schema\/logo\/image\/\"}}]}<\/script>\n<!-- \/ Yoast SEO plugin. -->","yoast_head_json":{"title":"Pol\u00edtica de privacidad - Vienna City Card","robots":{"index":"index","follow":"follow","max-snippet":"max-snippet:-1","max-image-preview":"max-image-preview:large","max-video-preview":"max-video-preview:-1"},"canonical":"https:\/\/viennacitycard.com\/es\/politica-de-privacidad\/","og_locale":"es_ES","og_type":"article","og_title":"Privacy Policy - Vienna City Card","og_description":"Privacy Policy I dati personali potrebbero essere utilizzati per la personalizzazione degli annunci pubblicitari e i cookies potrebbero essere utilizzati sia per annunci personalizzati che non. Questo blog&nbsp;non rappresenta una testata giornalistica&nbsp;in quanto viene aggiornato senza alcuna periodicit\u00e0 . Non pu\u00f2 pertanto considerarsi un prodotto editoriale ai sensi della legge n\u00b0 62 del 7.03.2001. L\u2019autore...","og_url":"https:\/\/viennacitycard.com\/es\/politica-de-privacidad\/","og_site_name":"Vienna City Card","article_modified_time":"2025-03-25T17:36:05+00:00","twitter_card":"summary_large_image","twitter_misc":{"Tiempo de lectura":"8 minutos"},"schema":{"@context":"https:\/\/schema.org","@graph":[{"@type":"WebPage","@id":"https:\/\/viennacitycard.com\/privacy-policy\/","url":"https:\/\/viennacitycard.com\/privacy-policy\/","name":"Pol\u00edtica de privacidad - Vienna City Card","isPartOf":{"@id":"https:\/\/viennacitycard.com\/#website"},"datePublished":"2023-10-13T08:03:35+00:00","dateModified":"2025-03-25T17:36:05+00:00","breadcrumb":{"@id":"https:\/\/viennacitycard.com\/privacy-policy\/#breadcrumb"},"inLanguage":"es","potentialAction":[{"@type":"ReadAction","target":["https:\/\/viennacitycard.com\/privacy-policy\/"]}]},{"@type":"BreadcrumbList","@id":"https:\/\/viennacitycard.com\/privacy-policy\/#breadcrumb","itemListElement":[{"@type":"ListItem","position":1,"name":"Home","item":"https:\/\/viennacitycard.com\/"},{"@type":"ListItem","position":2,"name":"Privacy Policy"}]},{"@type":"WebSite","@id":"https:\/\/viennacitycard.com\/#website","url":"https:\/\/viennacitycard.com\/","name":"Tarjeta de Viena","description":"Mapa tur\u00edstico oficial de Viena","publisher":{"@id":"https:\/\/viennacitycard.com\/#organization"},"potentialAction":[{"@type":"SearchAction","target":{"@type":"EntryPoint","urlTemplate":"https:\/\/viennacitycard.com\/?s={search_term_string}"},"query-input":{"@type":"PropertyValueSpecification","valueRequired":true,"valueName":"search_term_string"}}],"inLanguage":"es"},{"@type":"Organization","@id":"https:\/\/viennacitycard.com\/#organization","name":"Tarjeta de Viena","url":"https:\/\/viennacitycard.com\/","logo":{"@type":"ImageObject","inLanguage":"es","@id":"https:\/\/viennacitycard.com\/#\/schema\/logo\/image\/","url":"https:\/\/viennacitycard.com\/wp-content\/uploads\/2023\/10\/cropped-cropped-ViennaCard-Orizzontale.png","contentUrl":"https:\/\/viennacitycard.com\/wp-content\/uploads\/2023\/10\/cropped-cropped-ViennaCard-Orizzontale.png","width":1280,"height":467,"caption":"Vienna City Card"},"image":{"@id":"https:\/\/viennacitycard.com\/#\/schema\/logo\/image\/"}}]}},"_links":{"self":[{"href":"https:\/\/viennacitycard.com\/es\/wp-json\/wp\/v2\/pages\/3","targetHints":{"allow":["GET"]}}],"collection":[{"href":"https:\/\/viennacitycard.com\/es\/wp-json\/wp\/v2\/pages"}],"about":[{"href":"https:\/\/viennacitycard.com\/es\/wp-json\/wp\/v2\/types\/page"}],"author":[{"embeddable":true,"href":"https:\/\/viennacitycard.com\/es\/wp-json\/wp\/v2\/users\/1"}],"replies":[{"embeddable":true,"href":"https:\/\/viennacitycard.com\/es\/wp-json\/wp\/v2\/comments?post=3"}],"version-history":[{"count":6,"href":"https:\/\/viennacitycard.com\/es\/wp-json\/wp\/v2\/pages\/3\/revisions"}],"predecessor-version":[{"id":881,"href":"https:\/\/viennacitycard.com\/es\/wp-json\/wp\/v2\/pages\/3\/revisions\/881"}],"wp:attachment":[{"href":"https:\/\/viennacitycard.com\/es\/wp-json\/wp\/v2\/media?parent=3"}],"curies":[{"name":"wp","href":"https:\/\/api.w.org\/{rel}","templated":true}]}}