{"id":3,"date":"2023-10-13T08:03:35","date_gmt":"2023-10-13T08:03:35","guid":{"rendered":"https:\/\/viennacitycard.com\/?page_id=3"},"modified":"2025-03-25T17:36:05","modified_gmt":"2025-03-25T17:36:05","slug":"politique-de-confidentialite","status":"publish","type":"page","link":"https:\/\/viennacitycard.com\/fr\/politique-de-confidentialite\/","title":{"rendered":"Politique de confidentialit\u00e9"},"content":{"rendered":"<h1 class=\"wp-block-heading\"><strong>Politique de confidentialit\u00e9<\/strong><\/h1>\n\n\n\n<p>Les donn\u00e9es personnelles peuvent \u00eatre utilis\u00e9es pour la personnalisation des publicit\u00e9s et les cookies peuvent \u00eatre utilis\u00e9s \u00e0 la fois pour des publicit\u00e9s personnalis\u00e9es et non personnalis\u00e9es.<\/p>\n\n\n\n<p>Ce blog&nbsp;<strong>ne repr\u00e9sente pas un journal<\/strong>&nbsp;car il est mis \u00e0 jour sans aucune p\u00e9riodicit\u00e9. Il ne peut donc pas \u00eatre consid\u00e9r\u00e9 comme un produit \u00e9ditorial au sens de la loi n\u00b0 62 du 7.03.2001.<\/p>\n\n\n\n<p>L'auteur n'est pas responsable de ce que les lecteurs publient dans les commentaires de chaque article.<\/p>\n\n\n\n<p>Les commentaires jug\u00e9s offensants ou portant atteinte \u00e0 l'image ou \u00e0 l'honneur d'autrui, spammy, racistes ou contenant des donn\u00e9es personnelles non conformes \u00e0 la politique de confidentialit\u00e9 seront supprim\u00e9s.<\/p>\n\n\n\n<p>Certains textes ou images inclus dans ce blog sont tir\u00e9s de l'internet et sont donc consid\u00e9r\u00e9s comme faisant partie du domaine public ; si leur publication enfreint des droits d'auteur, veuillez nous en informer par courrier \u00e9lectronique et ils seront retir\u00e9s imm\u00e9diatement.<\/p>\n\n\n\n<p>L'auteur du blog n'est pas responsable des sites li\u00e9s ou de leur contenu, qui peut \u00eatre modifi\u00e9 au fil du temps.<\/p>\n\n\n\n<div style=\"height:15px\" aria-hidden=\"true\" class=\"wp-block-spacer\"><\/div>\n\n\n\n\n\n\n<div style=\"height:25px\" aria-hidden=\"true\" class=\"wp-block-spacer\"><\/div>\n\n\n\n<h2 class=\"wp-block-heading\"><strong>Commentaire sur le contenu<\/strong><\/h2>\n\n\n\n<p>Les services de commentaires permettent aux utilisateurs de formuler et de rendre publics leurs propres commentaires concernant le contenu de cette application.<br>Selon les param\u00e8tres d\u00e9finis par le responsable du traitement des donn\u00e9es, les utilisateurs peuvent \u00e9galement laisser des commentaires anonymes. Si les donn\u00e9es personnelles fournies par l'utilisateur comprennent un courriel, celui-ci peut \u00eatre utilis\u00e9 pour envoyer des notifications de commentaires sur le m\u00eame contenu. Les utilisateurs sont responsables du contenu de leurs commentaires.<br>Dans le cas o\u00f9 un service de commentaires fourni par des tiers est install\u00e9, il est possible que, m\u00eame si les utilisateurs n'utilisent pas le service de commentaires, celui-ci collecte des donn\u00e9es de trafic relatives aux pages o\u00f9 le service de commentaires est install\u00e9.<\/p>\n\n\n\n<div style=\"height:25px\" aria-hidden=\"true\" class=\"wp-block-spacer\"><\/div>\n\n\n\n<h3 class=\"wp-block-heading\"><strong>Commentaires Facebook (Facebook)<\/strong><\/h3>\n\n\n\n<p>Facebook Comments est un service exploit\u00e9 par Facebook Inc. qui permet \u00e0 l'utilisateur de laisser des commentaires et de les partager au sein de la plateforme Facebook.<\/p>\n\n\n\n<ul class=\"wp-block-list\">\n<li><strong>Donn\u00e9es personnelles collect\u00e9es<\/strong>Cookies et donn\u00e9es d'utilisation.<\/li>\n\n\n\n<li><strong>Lieu de traitement :<\/strong> \u00c9TATS-UNIS D'AM\u00c9RIQUE -&nbsp;<a href=\"http:\/\/www.facebook.com\/privacy\/explanation.php\" target=\"_blank\" rel=\"noreferrer noopener\">Politique de confidentialit\u00e9<\/a><\/li>\n<\/ul>\n\n\n\n<div style=\"height:25px\" aria-hidden=\"true\" class=\"wp-block-spacer\"><\/div>\n\n\n\n<h3 class=\"wp-block-heading\"><strong>Disqus (Disqus)<\/strong><\/h3>\n\n\n\n<p>Disqus est un service de commentaires sur le contenu fourni par Big Heads Labs Inc.<\/p>\n\n\n\n<ul class=\"wp-block-list\">\n<li><strong>Donn\u00e9es personnelles collect\u00e9es :<\/strong> Cookies et donn\u00e9es d'utilisation.<\/li>\n\n\n\n<li><strong>Lieu de traitement<\/strong>: USA -&nbsp;<a href=\"http:\/\/docs.disqus.com\/help\/30\/\" target=\"_blank\" rel=\"noreferrer noopener\">Politique de confidentialit\u00e9<\/a>&nbsp;-&nbsp;<a href=\"https:\/\/help.disqus.com\/customer\/portal\/articles\/1657951\" target=\"_blank\" rel=\"noreferrer noopener\">Refus de participer<\/a><\/li>\n<\/ul>\n\n\n\n<div style=\"height:25px\" aria-hidden=\"true\" class=\"wp-block-spacer\"><\/div>\n\n\n\n<h2 class=\"wp-block-heading\"><strong>Politique de confidentialit\u00e9 Blog<\/strong><\/h2>\n\n\n\n<p>Politique de confidentialit\u00e9 (art.13 D.Lgs. 196\/2003) : les donn\u00e9es fournies par les participants au blog lors de leur inscription sont limit\u00e9es \u00e0 leur adresse e-mail et sont obligatoires pour recevoir la notification de la publication d'un article.<br>En revanche, pour publier un commentaire, l'utilisateur doit indiquer, en plus de son adresse \u00e9lectronique, son pr\u00e9nom et son nom, qui ne seront peut-\u00eatre pas publi\u00e9s avec le commentaire publi\u00e9 par l'utilisateur, tandis que l'adresse \u00e9lectronique est utilis\u00e9e exclusivement pour l'envoi de nouvelles sur le site. Les opinions et les commentaires post\u00e9s par les utilisateurs, ainsi que les informations et les donn\u00e9es qu'ils contiennent, ne seront pas utilis\u00e9s \u00e0 d'autres fins que leur publication sur le blog ; en particulier, ils ne seront pas agr\u00e9g\u00e9s ou s\u00e9lectionn\u00e9s dans des bases de donn\u00e9es sp\u00e9cifiques. Les \u00e9ventuels traitements \u00e0 des fins statistiques que le site pourrait \u00eatre amen\u00e9 \u00e0 effectuer \u00e0 l'avenir se feront exclusivement sur une base anonyme. Si la diffusion des donn\u00e9es personnelles de l'utilisateur et de celles d\u00e9tectables dans les commentaires post\u00e9s doit \u00eatre comprise comme \u00e9tant directement imputable \u00e0 l'initiative de l'utilisateur, nous garantissons qu'aucune autre hypoth\u00e8se de transmission ou de diffusion de ces donn\u00e9es n'est donc envisag\u00e9e. Dans tous les cas, l'utilisateur a \u00e0 tout moment la possibilit\u00e9 d'exercer les droits pr\u00e9vus \u00e0 l'article 7 du d\u00e9cret l\u00e9gislatif 196\/2003. Pour faire valoir ces droits, l'utilisateur peut s'adresser directement au responsable du traitement \u00e0 l'adresse info@viennacitycard.com.<\/p>\n\n\n\n<div style=\"height:25px\" aria-hidden=\"true\" class=\"wp-block-spacer\"><\/div>\n\n\n\n<h2 class=\"wp-block-heading\"><strong>Clause de confidentialit\u00e9 de Google Analytics<\/strong><\/h2>\n\n\n\n<p>Ce site utilise Google Analytics, un service d'analyse de site internet fourni par Google, Inc. (\"Google\"). Google Analytics utilise des \"cookies\", qui sont des fichiers texte plac\u00e9s sur votre ordinateur, pour aider le site internet \u00e0 analyser l'utilisation du site par ses utilisateurs. Les informations g\u00e9n\u00e9r\u00e9es par les cookies concernant votre utilisation du site (y compris votre adresse IP) seront transmises et stock\u00e9es par Google sur des serveurs situ\u00e9s aux Etats-Unis. Google utilisera cette information dans le but d'\u00e9valuer votre utilisation du site, de compiler des rapports sur l'activit\u00e9 du site \u00e0 destination de son \u00e9diteur et de fournir d'autres services relatifs \u00e0 l'activit\u00e9 du site et \u00e0 l'utilisation d'Internet. Google peut \u00e9galement transf\u00e9rer ces informations \u00e0 des tiers lorsque la loi l'exige ou lorsque ces tiers traitent les informations pour le compte de Google. Google ne recoupera pas votre adresse IP avec toute autre donn\u00e9e d\u00e9tenue par Google. Vous pouvez refuser l'utilisation de cookies en s\u00e9lectionnant les param\u00e8tres appropri\u00e9s de votre navigateur, mais cela pourrait vous emp\u00eacher d'utiliser toutes les fonctionnalit\u00e9s de ce site Web. En utilisant ce site, vous consentez express\u00e9ment au traitement de vos donn\u00e9es nominatives par Google dans les conditions et pour les finalit\u00e9s d\u00e9crites ci-dessus.<\/p>\n\n\n\n<div style=\"height:25px\" aria-hidden=\"true\" class=\"wp-block-spacer\"><\/div>\n\n\n\n<h2 class=\"wp-block-heading\"><strong>Autorisations Facebook requises par cette application<\/strong><\/h2>\n\n\n\n<p>Cette application peut n\u00e9cessiter certaines autorisations de Facebook qui lui permettent d'effectuer des actions avec le compte Facebook de l'utilisateur et de collecter des informations, y compris des donn\u00e9es personnelles, \u00e0 partir de ce compte.<\/p>\n\n\n\n<p>Pour plus d'informations sur les permis suivants, veuillez vous r\u00e9f\u00e9rer au site web de la Commission europ\u00e9enne.&nbsp;<a href=\"https:\/\/developers.facebook.com\/docs\/authentication\/permissions\/\" target=\"_blank\" rel=\"noreferrer noopener\">documentation des permis Facebook&nbsp;<\/a>et au <a href=\"https:\/\/www.facebook.com\/about\/privacy\/\" target=\"_blank\" rel=\"noreferrer noopener\">Politique de confidentialit\u00e9 de Facebook<\/a>.<\/p>\n\n\n\n<p>Les permis requis sont les suivants :<\/p>\n\n\n\n<div style=\"height:25px\" aria-hidden=\"true\" class=\"wp-block-spacer\"><\/div>\n\n\n\n<h3 class=\"wp-block-heading\"><strong>Informations de base<\/strong><\/h3>\n\n\n\n<p>Les informations de base de l'utilisateur enregistr\u00e9es sur Facebook comprennent normalement les donn\u00e9es suivantes : identifiant, nom, photo, sexe et langue et, dans certains cas, les \"amis\" Facebook. Si l'utilisateur a rendu publiques d'autres donn\u00e9es, celles-ci seront disponibles.<\/p>\n\n\n\n<div style=\"height:25px\" aria-hidden=\"true\" class=\"wp-block-spacer\"><\/div>\n\n\n\n<h3 class=\"wp-block-heading\"><strong>Applications sociales<\/strong><\/h3>\n\n\n\n<p>Ces services permettent au site web d'exploiter les donn\u00e9es de votre profil sur les r\u00e9seaux sociaux et d'interagir avec votre message. Ces services ne sont pas activ\u00e9s automatiquement, mais n\u00e9cessitent l'autorisation explicite de l'utilisateur.<\/p>\n\n\n\n<div style=\"height:25px\" aria-hidden=\"true\" class=\"wp-block-spacer\"><\/div>\n\n\n\n<h3 class=\"wp-block-heading\"><strong>Se connecter au compte Facebook (Cette application)<\/strong><\/h3>\n\n\n\n<p>Ce service permet \u00e0 cette application de se connecter au compte de l'utilisateur sur le r\u00e9seau social Facebook, fourni par Facebook Inc.<\/p>\n\n\n\n<ul class=\"wp-block-list\">\n<li>Autorisations requises : Diff\u00e9rents types de donn\u00e9es tels que sp\u00e9cifi\u00e9s dans la politique de confidentialit\u00e9 du service.<\/li>\n\n\n\n<li>Lieu de transformation : USA -&nbsp;<a href=\"http:\/\/www.facebook.com\/privacy\/explanation.php\" target=\"_blank\" rel=\"noreferrer noopener\">Politique de confidentialit\u00e9<\/a><\/li>\n<\/ul>\n\n\n\n<div style=\"height:25px\" aria-hidden=\"true\" class=\"wp-block-spacer\"><\/div>\n\n\n\n<h3 class=\"wp-block-heading\"><strong>Interaction avec les r\u00e9seaux sociaux et les plateformes externes<\/strong><\/h3>\n\n\n\n<p>Ces services permettent des interactions avec des r\u00e9seaux sociaux ou d'autres plateformes externes, directement \u00e0 partir des pages de l'application. Les interactions et les informations acquises par cette application sont en tout \u00e9tat de cause soumises aux param\u00e8tres de confidentialit\u00e9 de l'utilisateur relatifs \u00e0 chaque r\u00e9seau social.<br>Si un service d'interaction avec les r\u00e9seaux sociaux est install\u00e9, il est possible que, m\u00eame si les utilisateurs ne l'utilisent pas, il recueille des donn\u00e9es de trafic relatives aux pages o\u00f9 il est install\u00e9.<\/p>\n\n\n\n<div style=\"height:25px\" aria-hidden=\"true\" class=\"wp-block-spacer\"><\/div>\n\n\n\n<h4 class=\"wp-block-heading\"><strong>Bouton \"J'aime\" de Facebook et widgets sociaux (Facebook)<\/strong><\/h4>\n\n\n\n<p>Le bouton \"J'aime\" de Facebook et les widgets sociaux sont des services d'interaction avec le r\u00e9seau social Facebook, fournis par Facebook Inc.<\/p>\n\n\n\n<ul class=\"wp-block-list\">\n<li>Donn\u00e9es personnelles collect\u00e9es : cookies et donn\u00e9es d'utilisation.<\/li>\n\n\n\n<li>Lieu de transformation : USA -&nbsp;<a href=\"http:\/\/www.facebook.com\/privacy\/explanation.php\" target=\"_blank\" rel=\"noreferrer noopener\">Politique de confidentialit\u00e9<\/a><\/li>\n<\/ul>\n\n\n\n<div style=\"height:25px\" aria-hidden=\"true\" class=\"wp-block-spacer\"><\/div>\n\n\n\n<h4 class=\"wp-block-heading\"><strong>Bouton +1 et widgets sociaux Google+ (Google)<\/strong><\/h4>\n\n\n\n<p>Le bouton +1 et les widgets sociaux Google+ sont des services d'interaction avec le r\u00e9seau social Google+, fournis par Google Inc.<\/p>\n\n\n\n<ul class=\"wp-block-list\">\n<li>Donn\u00e9es personnelles collect\u00e9es : cookies et donn\u00e9es d'utilisation.<\/li>\n\n\n\n<li>Lieu de transformation : USA -&nbsp;<a href=\"http:\/\/www.google.com\/intl\/it\/policies\/privacy\/\" target=\"_blank\" rel=\"noreferrer noopener\">Politique de confidentialit\u00e9<\/a><\/li>\n<\/ul>\n\n\n\n<div style=\"height:25px\" aria-hidden=\"true\" class=\"wp-block-spacer\"><\/div>\n\n\n\n<h4 class=\"wp-block-heading\"><strong>Bouton Twitter Tweet et widgets sociaux (Twitter)<\/strong><\/h4>\n\n\n\n<p>Le bouton Tweet et les widgets sociaux Twitter sont des services permettant d'interagir avec le r\u00e9seau social Twitter, fournis par Twitter Inc.<\/p>\n\n\n\n<ul class=\"wp-block-list\">\n<li>Donn\u00e9es personnelles collect\u00e9es : cookies et donn\u00e9es d'utilisation.<\/li>\n\n\n\n<li>Lieu de transformation : USA -&nbsp;<a href=\"http:\/\/twitter.com\/privacy\" target=\"_blank\" rel=\"noreferrer noopener\">Politique de confidentialit\u00e9<\/a><\/li>\n<\/ul>\n\n\n\n<div style=\"height:25px\" aria-hidden=\"true\" class=\"wp-block-spacer\"><\/div>\n\n\n\n<h2 class=\"wp-block-heading\"><strong>Contr\u00f4leur des donn\u00e9es<\/strong><\/h2>\n\n\n\n<p>Gabriella Coppola<br>TVA 02734080993<br>info@genovaturismo.it<\/p>\n\n\n\n<div style=\"height:25px\" aria-hidden=\"true\" class=\"wp-block-spacer\"><\/div>\n\n\n\n<h2 class=\"wp-block-heading\"><strong>Notes juridiques<\/strong><\/h2>\n\n\n\n<p>Le site viennacitycard.com est un site d'information sur Vienne.<\/p>\n\n\n\n<p>Le site viennacitycard.com n'est pas un journal puisqu'il est mis \u00e0 jour sans p\u00e9riodicit\u00e9. Il ne peut donc pas \u00eatre consid\u00e9r\u00e9 comme un produit \u00e9ditorial au sens de la loi n\u00b0 62 du 7.03.2001.<\/p>\n\n\n\n<p>Les images de ce site sont extraites de l'Internet apr\u00e8s v\u00e9rification de leur appartenance au domaine public ; si leur publication enfreint des droits d'auteur, veuillez nous en informer par courrier \u00e9lectronique \u00e0 l'adresse suivante\u00a0<a href=\"mailto:info@viennacitycard.com\">info@genovaturismo.<\/a><a href=\"mailto:info@genovaturismo.com\" target=\"_blank\" rel=\"noreferrer noopener\">com<\/a>. Ils seront retir\u00e9s imm\u00e9diatement.<\/p>\n\n\n\n<p>Toutes les informations sur le site<strong>\u00a0<\/strong>viennacitycard.com ont \u00e9t\u00e9 obtenues par le canal officiel de l'\u00e9tablissement ou par une visite directe. Sans exclure d'\u00e9ventuelles inexactitudes ou omissions, nous recommandons de v\u00e9rifier les canaux officiels avant d'acc\u00e9der aux installations.<br><br><strong>Carte de viennoiserie.com<\/strong>\u00a0d\u00e9cline toute responsabilit\u00e9 en cas d'erreurs ou d'inexactitudes dans les informations contenues sur le site et ne sera en aucun cas responsable des dommages de toute nature, directs ou indirects, r\u00e9sultant de la confiance accord\u00e9e aux informations contenues dans viennacitycard.com.<\/p>\n\n\n\n<p>Vous pouvez envoyer tout rapport d'erreur \u00e0 l'adresse \u00e9lectronique suivante\u00a0<a href=\"mailto:info@genovaturismo.com\">info@genovaturismo.com<\/a>.<\/p>\n\n\n\n<div style=\"height:25px\" aria-hidden=\"true\" class=\"wp-block-spacer\"><\/div>\n\n\n\n<h2 class=\"wp-block-heading\"><strong>Vente de billets sur Tiqets.com et GetYourGuide<\/strong><\/h2>\n\n\n\n<p>Ce site est affili\u00e9 \u00e0&nbsp;<a href=\"https:\/\/www.tiqets.com\/\" target=\"_blank\" rel=\"noreferrer noopener\">tiqets.com<\/a>&nbsp;e&nbsp;<a href=\"https:\/\/getyourguide.com\/\" target=\"_blank\" rel=\"noreferrer noopener\">getyourguide.com<\/a>deux des principales plateformes de vente de billets au monde. L'achat de billets et toutes les transactions se font sur leur plateforme en toute s\u00e9curit\u00e9.&nbsp;<strong>Les billets \u00e9mis sont toujours officiels<\/strong>. Le site viennacitycard.com n'est en aucun cas responsable de la vente des billets et du service apr\u00e8s-vente. Si vous avez des probl\u00e8mes avec la vente de billets, veuillez contacter l'\u00e9quipe d'assistance de tiqets.com et getyourguide.com aux adresses suivantes :<\/p>\n\n\n\n<ul class=\"wp-block-list\">\n<li>Tiqets :&nbsp;<a href=\"https:\/\/www.tiqets.com\/it\/support\/home\/\" target=\"_blank\" rel=\"noreferrer noopener\">https:\/\/www.tiqets.com\/it\/support\/home\/<\/a>.<\/li>\n\n\n\n<li>Guide de bonnes pratiques :&nbsp;<a href=\"https:\/\/www.getyourguide.com\/contact\/\" target=\"_blank\" rel=\"noreferrer noopener\">https:\/\/www.getyourguide.com\/contact\/<\/a><\/li>\n<\/ul>\n\n\n\n<div style=\"height:25px\" aria-hidden=\"true\" class=\"wp-block-spacer\"><\/div>\n\n\n\n<h2 class=\"wp-block-heading\"><strong>Affiliation avec Booking.com<\/strong><\/h2>\n\n\n\n<p>Ce site est affili\u00e9 \u00e0&nbsp;<a href=\"https:\/\/www.booking.com\/\" target=\"_blank\" rel=\"noreferrer noopener\">booking.com<\/a>Le site de r\u00e9servation en ligne d'h\u00f4tels dans le monde entier.<\/p>","protected":false},"excerpt":{"rendered":"<p>Politique de confidentialit\u00e9 Les donn\u00e9es personnelles peuvent \u00eatre utilis\u00e9es pour la personnalisation des publicit\u00e9s et les cookies peuvent \u00eatre utilis\u00e9s pour les publicit\u00e9s personnalis\u00e9es et non personnalis\u00e9es. Ce blog ne repr\u00e9sente pas un journal puisqu'il est mis \u00e0 jour sans aucune p\u00e9riodicit\u00e9. Il ne peut donc pas \u00eatre consid\u00e9r\u00e9 comme un produit \u00e9ditorial au sens de la loi n\u00b0 62 du 7.03.2001. L'auteur...<\/p>","protected":false},"author":1,"featured_media":0,"parent":0,"menu_order":0,"comment_status":"closed","ping_status":"closed","template":"","meta":{"footnotes":""},"class_list":["post-3","page","type-page","status-publish","hentry"],"yoast_head":"<!-- This site is optimized with the Yoast SEO plugin v25.8 - https:\/\/yoast.com\/wordpress\/plugins\/seo\/ -->\n<title>Privacy Policy - Vienna City Card<\/title>\n<meta name=\"robots\" content=\"index, follow, max-snippet:-1, max-image-preview:large, max-video-preview:-1\" \/>\n<link rel=\"canonical\" href=\"https:\/\/viennacitycard.com\/fr\/politique-de-confidentialite\/\" \/>\n<meta property=\"og:locale\" content=\"fr_FR\" \/>\n<meta property=\"og:type\" content=\"article\" \/>\n<meta property=\"og:title\" content=\"Privacy Policy - Vienna City Card\" \/>\n<meta property=\"og:description\" content=\"Privacy Policy I dati personali potrebbero essere utilizzati per la personalizzazione degli annunci pubblicitari e i cookies potrebbero essere utilizzati sia per annunci personalizzati che non. Questo blog&nbsp;non rappresenta una testata giornalistica&nbsp;in quanto viene aggiornato senza alcuna periodicit\u00e0 . Non pu\u00f2 pertanto considerarsi un prodotto editoriale ai sensi della legge n\u00b0 62 del 7.03.2001. L\u2019autore...\" \/>\n<meta property=\"og:url\" content=\"https:\/\/viennacitycard.com\/fr\/politique-de-confidentialite\/\" \/>\n<meta property=\"og:site_name\" content=\"Vienna City Card\" \/>\n<meta property=\"article:modified_time\" content=\"2025-03-25T17:36:05+00:00\" \/>\n<meta name=\"twitter:card\" content=\"summary_large_image\" \/>\n<meta name=\"twitter:label1\" content=\"Dur\u00e9e de lecture estim\u00e9e\" \/>\n\t<meta name=\"twitter:data1\" content=\"8 minutes\" \/>\n<script type=\"application\/ld+json\" class=\"yoast-schema-graph\">{\"@context\":\"https:\/\/schema.org\",\"@graph\":[{\"@type\":\"WebPage\",\"@id\":\"https:\/\/viennacitycard.com\/privacy-policy\/\",\"url\":\"https:\/\/viennacitycard.com\/privacy-policy\/\",\"name\":\"Privacy Policy - Vienna City Card\",\"isPartOf\":{\"@id\":\"https:\/\/viennacitycard.com\/#website\"},\"datePublished\":\"2023-10-13T08:03:35+00:00\",\"dateModified\":\"2025-03-25T17:36:05+00:00\",\"breadcrumb\":{\"@id\":\"https:\/\/viennacitycard.com\/privacy-policy\/#breadcrumb\"},\"inLanguage\":\"fr-FR\",\"potentialAction\":[{\"@type\":\"ReadAction\",\"target\":[\"https:\/\/viennacitycard.com\/privacy-policy\/\"]}]},{\"@type\":\"BreadcrumbList\",\"@id\":\"https:\/\/viennacitycard.com\/privacy-policy\/#breadcrumb\",\"itemListElement\":[{\"@type\":\"ListItem\",\"position\":1,\"name\":\"Home\",\"item\":\"https:\/\/viennacitycard.com\/\"},{\"@type\":\"ListItem\",\"position\":2,\"name\":\"Privacy Policy\"}]},{\"@type\":\"WebSite\",\"@id\":\"https:\/\/viennacitycard.com\/#website\",\"url\":\"https:\/\/viennacitycard.com\/\",\"name\":\"Vienna City Card\",\"description\":\"La Carta Turistica Ufficiale di Vienna\",\"publisher\":{\"@id\":\"https:\/\/viennacitycard.com\/#organization\"},\"potentialAction\":[{\"@type\":\"SearchAction\",\"target\":{\"@type\":\"EntryPoint\",\"urlTemplate\":\"https:\/\/viennacitycard.com\/?s={search_term_string}\"},\"query-input\":{\"@type\":\"PropertyValueSpecification\",\"valueRequired\":true,\"valueName\":\"search_term_string\"}}],\"inLanguage\":\"fr-FR\"},{\"@type\":\"Organization\",\"@id\":\"https:\/\/viennacitycard.com\/#organization\",\"name\":\"Vienna City Card\",\"url\":\"https:\/\/viennacitycard.com\/\",\"logo\":{\"@type\":\"ImageObject\",\"inLanguage\":\"fr-FR\",\"@id\":\"https:\/\/viennacitycard.com\/#\/schema\/logo\/image\/\",\"url\":\"https:\/\/viennacitycard.com\/wp-content\/uploads\/2023\/10\/cropped-cropped-ViennaCard-Orizzontale.png\",\"contentUrl\":\"https:\/\/viennacitycard.com\/wp-content\/uploads\/2023\/10\/cropped-cropped-ViennaCard-Orizzontale.png\",\"width\":1280,\"height\":467,\"caption\":\"Vienna City Card\"},\"image\":{\"@id\":\"https:\/\/viennacitycard.com\/#\/schema\/logo\/image\/\"}}]}<\/script>\n<!-- \/ Yoast SEO plugin. -->","yoast_head_json":{"title":"Politique de confidentialit\u00e9 - Vienna City Card","robots":{"index":"index","follow":"follow","max-snippet":"max-snippet:-1","max-image-preview":"max-image-preview:large","max-video-preview":"max-video-preview:-1"},"canonical":"https:\/\/viennacitycard.com\/fr\/politique-de-confidentialite\/","og_locale":"fr_FR","og_type":"article","og_title":"Privacy Policy - Vienna City Card","og_description":"Privacy Policy I dati personali potrebbero essere utilizzati per la personalizzazione degli annunci pubblicitari e i cookies potrebbero essere utilizzati sia per annunci personalizzati che non. Questo blog&nbsp;non rappresenta una testata giornalistica&nbsp;in quanto viene aggiornato senza alcuna periodicit\u00e0 . Non pu\u00f2 pertanto considerarsi un prodotto editoriale ai sensi della legge n\u00b0 62 del 7.03.2001. L\u2019autore...","og_url":"https:\/\/viennacitycard.com\/fr\/politique-de-confidentialite\/","og_site_name":"Vienna City Card","article_modified_time":"2025-03-25T17:36:05+00:00","twitter_card":"summary_large_image","twitter_misc":{"Dur\u00e9e de lecture estim\u00e9e":"8 minutes"},"schema":{"@context":"https:\/\/schema.org","@graph":[{"@type":"WebPage","@id":"https:\/\/viennacitycard.com\/privacy-policy\/","url":"https:\/\/viennacitycard.com\/privacy-policy\/","name":"Politique de confidentialit\u00e9 - Vienna City Card","isPartOf":{"@id":"https:\/\/viennacitycard.com\/#website"},"datePublished":"2023-10-13T08:03:35+00:00","dateModified":"2025-03-25T17:36:05+00:00","breadcrumb":{"@id":"https:\/\/viennacitycard.com\/privacy-policy\/#breadcrumb"},"inLanguage":"fr-FR","potentialAction":[{"@type":"ReadAction","target":["https:\/\/viennacitycard.com\/privacy-policy\/"]}]},{"@type":"BreadcrumbList","@id":"https:\/\/viennacitycard.com\/privacy-policy\/#breadcrumb","itemListElement":[{"@type":"ListItem","position":1,"name":"Home","item":"https:\/\/viennacitycard.com\/"},{"@type":"ListItem","position":2,"name":"Privacy Policy"}]},{"@type":"WebSite","@id":"https:\/\/viennacitycard.com\/#website","url":"https:\/\/viennacitycard.com\/","name":"Carte de Vienne","description":"La carte touristique officielle de Vienne","publisher":{"@id":"https:\/\/viennacitycard.com\/#organization"},"potentialAction":[{"@type":"SearchAction","target":{"@type":"EntryPoint","urlTemplate":"https:\/\/viennacitycard.com\/?s={search_term_string}"},"query-input":{"@type":"PropertyValueSpecification","valueRequired":true,"valueName":"search_term_string"}}],"inLanguage":"fr-FR"},{"@type":"Organization","@id":"https:\/\/viennacitycard.com\/#organization","name":"Carte de Vienne","url":"https:\/\/viennacitycard.com\/","logo":{"@type":"ImageObject","inLanguage":"fr-FR","@id":"https:\/\/viennacitycard.com\/#\/schema\/logo\/image\/","url":"https:\/\/viennacitycard.com\/wp-content\/uploads\/2023\/10\/cropped-cropped-ViennaCard-Orizzontale.png","contentUrl":"https:\/\/viennacitycard.com\/wp-content\/uploads\/2023\/10\/cropped-cropped-ViennaCard-Orizzontale.png","width":1280,"height":467,"caption":"Vienna City Card"},"image":{"@id":"https:\/\/viennacitycard.com\/#\/schema\/logo\/image\/"}}]}},"_links":{"self":[{"href":"https:\/\/viennacitycard.com\/fr\/wp-json\/wp\/v2\/pages\/3","targetHints":{"allow":["GET"]}}],"collection":[{"href":"https:\/\/viennacitycard.com\/fr\/wp-json\/wp\/v2\/pages"}],"about":[{"href":"https:\/\/viennacitycard.com\/fr\/wp-json\/wp\/v2\/types\/page"}],"author":[{"embeddable":true,"href":"https:\/\/viennacitycard.com\/fr\/wp-json\/wp\/v2\/users\/1"}],"replies":[{"embeddable":true,"href":"https:\/\/viennacitycard.com\/fr\/wp-json\/wp\/v2\/comments?post=3"}],"version-history":[{"count":6,"href":"https:\/\/viennacitycard.com\/fr\/wp-json\/wp\/v2\/pages\/3\/revisions"}],"predecessor-version":[{"id":881,"href":"https:\/\/viennacitycard.com\/fr\/wp-json\/wp\/v2\/pages\/3\/revisions\/881"}],"wp:attachment":[{"href":"https:\/\/viennacitycard.com\/fr\/wp-json\/wp\/v2\/media?parent=3"}],"curies":[{"name":"wp","href":"https:\/\/api.w.org\/{rel}","templated":true}]}}