{"id":3,"date":"2023-10-13T08:03:35","date_gmt":"2023-10-13T08:03:35","guid":{"rendered":"https:\/\/viennacitycard.com\/?page_id=3"},"modified":"2025-03-25T17:36:05","modified_gmt":"2025-03-25T17:36:05","slug":"polityka-prywatnosci","status":"publish","type":"page","link":"https:\/\/viennacitycard.com\/pl\/polityka-prywatnosci\/","title":{"rendered":"Polityka prywatno\u015bci"},"content":{"rendered":"<h1 class=\"wp-block-heading\"><strong>Polityka prywatno\u015bci<\/strong><\/h1>\n\n\n\n<p>Dane osobowe mog\u0105 by\u0107 wykorzystywane do personalizacji reklam, a pliki cookie mog\u0105 by\u0107 wykorzystywane zar\u00f3wno do spersonalizowanych, jak i niespersonalizowanych reklam.<\/p>\n\n\n\n<p>Ten blog&nbsp;<strong>nie reprezentuje gazety<\/strong>&nbsp;poniewa\u017c jest aktualizowany bez \u017cadnej okresowo\u015bci. Nie mo\u017cna go zatem uzna\u0107 za produkt redakcyjny w rozumieniu ustawy nr 62 z dnia 7.03.2001 r.<\/p>\n\n\n\n<p>Autor nie ponosi odpowiedzialno\u015bci za to, co czytelnicy publikuj\u0105 w komentarzach do ka\u017cdego postu.<\/p>\n\n\n\n<p>Komentarze uznane za obra\u017aliwe lub godz\u0105ce w wizerunek lub honor innych os\u00f3b, spamerskie, rasistowskie lub zawieraj\u0105ce dane osobowe niezgodne z Polityk\u0105 prywatno\u015bci b\u0119d\u0105 usuwane.<\/p>\n\n\n\n<p>Niekt\u00f3re teksty lub obrazy zawarte na tym blogu pochodz\u0105 z Internetu i dlatego s\u0105 uwa\u017cane za nale\u017c\u0105ce do domeny publicznej; je\u015bli ich publikacja narusza jakiekolwiek prawa autorskie, prosimy o powiadomienie nas e-mailem. Zostan\u0105 one natychmiast usuni\u0119te.<\/p>\n\n\n\n<p>Autor bloga nie ponosi odpowiedzialno\u015bci za strony, do kt\u00f3rych prowadz\u0105 odno\u015bniki, ani za ich zawarto\u015b\u0107, kt\u00f3ra z czasem mo\u017ce ulec zmianie.<\/p>\n\n\n\n<div style=\"height:15px\" aria-hidden=\"true\" class=\"wp-block-spacer\"><\/div>\n\n\n\n\n\n\n<div style=\"height:25px\" aria-hidden=\"true\" class=\"wp-block-spacer\"><\/div>\n\n\n\n<h2 class=\"wp-block-heading\"><strong>Komentarz do tre\u015bci<\/strong><\/h2>\n\n\n\n<p>Us\u0142ugi komentowania umo\u017cliwiaj\u0105 U\u017cytkownikom formu\u0142owanie i upublicznianie w\u0142asnych komentarzy dotycz\u0105cych tre\u015bci tej Aplikacji.<br>W zale\u017cno\u015bci od ustawie\u0144 wybranych przez Administratora Danych, U\u017cytkownicy mog\u0105 r\u00f3wnie\u017c pozostawia\u0107 komentarze anonimowo. W przypadku, gdy Dane Osobowe podane przez U\u017cytkownika obejmuj\u0105 adres e-mail, mo\u017ce on zosta\u0107 wykorzystany do wysy\u0142ania powiadomie\u0144 o komentarzach dotycz\u0105cych tej samej tre\u015bci. U\u017cytkownicy s\u0105 odpowiedzialni za tre\u015b\u0107 swoich komentarzy.<br>W przypadku zainstalowania us\u0142ugi komentowania dostarczanej przez strony trzecie, mo\u017cliwe jest, \u017ce nawet je\u015bli U\u017cytkownicy nie korzystaj\u0105 z us\u0142ugi komentowania, b\u0119dzie ona gromadzi\u0107 dane o ruchu zwi\u0105zane ze stronami, na kt\u00f3rych zainstalowana jest us\u0142uga komentowania.<\/p>\n\n\n\n<div style=\"height:25px\" aria-hidden=\"true\" class=\"wp-block-spacer\"><\/div>\n\n\n\n<h3 class=\"wp-block-heading\"><strong>Komentarze na Facebooku (Facebook)<\/strong><\/h3>\n\n\n\n<p>Komentarze na Facebooku to us\u0142uga obs\u0142ugiwana przez Facebook Inc., kt\u00f3ra umo\u017cliwia u\u017cytkownikowi pozostawianie komentarzy i udost\u0119pnianie ich na platformie Facebook.<\/p>\n\n\n\n<ul class=\"wp-block-list\">\n<li><strong>Gromadzone dane osobowe<\/strong>Pliki cookie i dane dotycz\u0105ce u\u017cytkowania.<\/li>\n\n\n\n<li><strong>Miejsce przetwarzania:<\/strong> USA -.&nbsp;<a href=\"http:\/\/www.facebook.com\/privacy\/explanation.php\" target=\"_blank\" rel=\"noreferrer noopener\">Polityka prywatno\u015bci<\/a><\/li>\n<\/ul>\n\n\n\n<div style=\"height:25px\" aria-hidden=\"true\" class=\"wp-block-spacer\"><\/div>\n\n\n\n<h3 class=\"wp-block-heading\"><strong>Disqus (Disqus)<\/strong><\/h3>\n\n\n\n<p>Disqus to us\u0142uga komentowania tre\u015bci \u015bwiadczona przez Big Heads Labs Inc.<\/p>\n\n\n\n<ul class=\"wp-block-list\">\n<li><strong>Gromadzone dane osobowe:<\/strong> Pliki cookie i dane dotycz\u0105ce u\u017cytkowania.<\/li>\n\n\n\n<li><strong>Miejsce przetwarzania<\/strong>USA -&nbsp;<a href=\"http:\/\/docs.disqus.com\/help\/30\/\" target=\"_blank\" rel=\"noreferrer noopener\">Polityka prywatno\u015bci<\/a>&nbsp;-&nbsp;<a href=\"https:\/\/help.disqus.com\/customer\/portal\/articles\/1657951\" target=\"_blank\" rel=\"noreferrer noopener\">Rezygnacja<\/a><\/li>\n<\/ul>\n\n\n\n<div style=\"height:25px\" aria-hidden=\"true\" class=\"wp-block-spacer\"><\/div>\n\n\n\n<h2 class=\"wp-block-heading\"><strong>Polityka prywatno\u015bci Blog<\/strong><\/h2>\n\n\n\n<p>Polityka prywatno\u015bci (art. 13 D.Lgs. 196\/2003): dane podawane przez uczestnik\u00f3w Bloga podczas rejestracji s\u0105 ograniczone do ich adresu e-mail i s\u0105 obowi\u0105zkowe w celu otrzymania powiadomienia o publikacji postu.<br>Z kolei w celu zamieszczenia komentarza, opr\u00f3cz adresu e-mail, u\u017cytkownik zobowi\u0105zany jest do podania swojego imienia i nazwiska, kt\u00f3re r\u00f3wnie\u017c nie mog\u0105 zosta\u0107 opublikowane wraz z zamieszczonym przez u\u017cytkownika komentarzem, natomiast adres e-mail s\u0142u\u017cy wy\u0142\u0105cznie do przesy\u0142ania wiadomo\u015bci na stronie. Opinie i komentarze zamieszczane przez u\u017cytkownik\u00f3w oraz zawarte w nich informacje i dane nie b\u0119d\u0105 wykorzystywane w \u017cadnym innym celu ni\u017c ich publikacja na Blogu; w szczeg\u00f3lno\u015bci nie b\u0119d\u0105 one agregowane ani selekcjonowane w okre\u015blonych bazach danych. Wszelkie przetwarzanie do cel\u00f3w statystycznych, kt\u00f3re witryna mo\u017ce zamierza\u0107 przeprowadzi\u0107 w przysz\u0142o\u015bci, b\u0119dzie prowadzone wy\u0142\u0105cznie w spos\u00f3b anonimowy. Podczas gdy rozpowszechnianie danych osobowych u\u017cytkownika i tych, kt\u00f3re mo\u017cna wykry\u0107 z opublikowanych komentarzy, nale\u017cy rozumie\u0107 jako bezpo\u015brednio przypisane inicjatywie u\u017cytkownika, gwarantujemy, \u017ce w zwi\u0105zku z tym nie przewiduje si\u0119 \u017cadnej innej hipotezy ich przekazywania lub rozpowszechniania. W ka\u017cdym przypadku u\u017cytkownik ma w ka\u017cdej chwili mo\u017cliwo\u015b\u0107 skorzystania z praw okre\u015blonych w art. 7 dekretu ustawodawczego 196\/2003. Aby wyegzekwowa\u0107 te prawa, u\u017cytkownik mo\u017ce skontaktowa\u0107 si\u0119 bezpo\u015brednio z administratorem danych pod adresem info@viennacitycard.com.<\/p>\n\n\n\n<div style=\"height:25px\" aria-hidden=\"true\" class=\"wp-block-spacer\"><\/div>\n\n\n\n<h2 class=\"wp-block-heading\"><strong>Zastrze\u017cenie dotycz\u0105ce prywatno\u015bci Google Analytics<\/strong><\/h2>\n\n\n\n<p>Niniejsza witryna internetowa korzysta z Google Analytics, us\u0142ugi analizy ogl\u0105dalno\u015bci stron internetowych udost\u0119pnianej przez Google, Inc (\"Google\"). Google Analytics wykorzystuje pliki \"cookie\", kt\u00f3re s\u0105 plikami tekstowymi umieszczanymi na komputerze u\u017cytkownika w celu umo\u017cliwienia witrynie przeanalizowania sposobu korzystania z niej przez u\u017cytkownik\u00f3w. Informacje generowane przez pliki cookie na temat korzystania z witryny przez u\u017cytkownika (w tym jego adres IP) b\u0119d\u0105 przesy\u0142ane i przechowywane przez Google na serwerach w Stanach Zjednoczonych. Google b\u0119dzie wykorzystywa\u0107 te informacje w celu oceny korzystania z witryny przez u\u017cytkownika, tworzenia raport\u00f3w dotycz\u0105cych ruchu na stronach dla operator\u00f3w witryn oraz \u015bwiadczenia innych us\u0142ug zwi\u0105zanych z ruchem na witrynach internetowych i korzystaniem z Internetu. Google mo\u017ce r\u00f3wnie\u017c przekazywa\u0107 te informacje stronom trzecim, je\u015bli jest to wymagane przez prawo lub je\u015bli takie strony trzecie przetwarzaj\u0105 informacje w imieniu Google. Google nie b\u0119dzie \u0142\u0105czy\u0107 adresu IP u\u017cytkownika z \u017cadnymi innymi danymi przechowywanymi przez Google. U\u017cytkownik mo\u017ce odm\u00f3wi\u0107 korzystania z plik\u00f3w cookie, wybieraj\u0105c odpowiednie ustawienia w przegl\u0105darce, ale mo\u017ce to uniemo\u017cliwi\u0107 korzystanie z pe\u0142nej funkcjonalno\u015bci tej witryny. Korzystaj\u0105c z tej strony internetowej, u\u017cytkownik wyra\u017ca zgod\u0119 na przetwarzanie jego danych przez Google w spos\u00f3b i w celach okre\u015blonych powy\u017cej.<\/p>\n\n\n\n<div style=\"height:25px\" aria-hidden=\"true\" class=\"wp-block-spacer\"><\/div>\n\n\n\n<h2 class=\"wp-block-heading\"><strong>Uprawnienia Facebooka wymagane przez t\u0119 aplikacj\u0119<\/strong><\/h2>\n\n\n\n<p>Ta aplikacja mo\u017ce wymaga\u0107 pewnych uprawnie\u0144 Facebooka, kt\u00f3re pozwalaj\u0105 jej wykonywa\u0107 dzia\u0142ania z kontem u\u017cytkownika na Facebooku i zbiera\u0107 z niego informacje, w tym dane osobowe.<\/p>\n\n\n\n<p>Wi\u0119cej informacji na temat poni\u017cszych zezwole\u0144 mo\u017cna znale\u017a\u0107 w dokumencie&nbsp;<a href=\"https:\/\/developers.facebook.com\/docs\/authentication\/permissions\/\" target=\"_blank\" rel=\"noreferrer noopener\">dokumentacja zezwole\u0144 Facebooka&nbsp;<\/a>i do <a href=\"https:\/\/www.facebook.com\/about\/privacy\/\" target=\"_blank\" rel=\"noreferrer noopener\">Polityka prywatno\u015bci Facebooka<\/a>.<\/p>\n\n\n\n<p>Wymagane zezwolenia s\u0105 nast\u0119puj\u0105ce:<\/p>\n\n\n\n<div style=\"height:25px\" aria-hidden=\"true\" class=\"wp-block-spacer\"><\/div>\n\n\n\n<h3 class=\"wp-block-heading\"><strong>Podstawowe informacje<\/strong><\/h3>\n\n\n\n<p>Podstawowe informacje o U\u017cytkowniku zarejestrowanym na Facebooku, kt\u00f3re zazwyczaj obejmuj\u0105 nast\u0119puj\u0105ce Dane: identyfikator, imi\u0119 i nazwisko, zdj\u0119cie, p\u0142e\u0107 i j\u0119zyk oraz, w niekt\u00f3rych przypadkach, \"Znajomi\" na Facebooku. Je\u015bli u\u017cytkownik udost\u0119pni\u0142 publicznie dalsze dane, b\u0119d\u0105 one dost\u0119pne.<\/p>\n\n\n\n<div style=\"height:25px\" aria-hidden=\"true\" class=\"wp-block-spacer\"><\/div>\n\n\n\n<h3 class=\"wp-block-heading\"><strong>Aplikacje spo\u0142eczno\u015bciowe<\/strong><\/h3>\n\n\n\n<p>Us\u0142ugi te pozwalaj\u0105 witrynie na dost\u0119p do danych profilu u\u017cytkownika w sieciach spo\u0142eczno\u015bciowych oraz na interakcje z jego wpisami. Us\u0142ugi te nie s\u0105 aktywowane automatycznie, ale wymagaj\u0105 wyra\u017anej autoryzacji ze strony u\u017cytkownika.<\/p>\n\n\n\n<div style=\"height:25px\" aria-hidden=\"true\" class=\"wp-block-spacer\"><\/div>\n\n\n\n<h3 class=\"wp-block-heading\"><strong>Zaloguj si\u0119 do konta Facebook (ta aplikacja)<\/strong><\/h3>\n\n\n\n<p>Us\u0142uga ta umo\u017cliwia tej Aplikacji po\u0142\u0105czenie si\u0119 z kontem U\u017cytkownika w sieci spo\u0142eczno\u015bciowej Facebook, dostarczanej przez Facebook Inc.<\/p>\n\n\n\n<ul class=\"wp-block-list\">\n<li>Wymagane uprawnienia: R\u00f3\u017cne rodzaje danych okre\u015blone w polityce prywatno\u015bci us\u0142ugi.<\/li>\n\n\n\n<li>Miejsce przetwarzania: USA -&nbsp;<a href=\"http:\/\/www.facebook.com\/privacy\/explanation.php\" target=\"_blank\" rel=\"noreferrer noopener\">Polityka prywatno\u015bci<\/a><\/li>\n<\/ul>\n\n\n\n<div style=\"height:25px\" aria-hidden=\"true\" class=\"wp-block-spacer\"><\/div>\n\n\n\n<h3 class=\"wp-block-heading\"><strong>Interakcja z sieciami spo\u0142eczno\u015bciowymi i platformami zewn\u0119trznymi<\/strong><\/h3>\n\n\n\n<p>Us\u0142ugi te umo\u017cliwiaj\u0105 interakcje z sieciami spo\u0142eczno\u015bciowymi lub innymi platformami zewn\u0119trznymi bezpo\u015brednio ze stron Aplikacji. Interakcje i informacje uzyskane przez t\u0119 Aplikacj\u0119 podlegaj\u0105 w ka\u017cdym przypadku ustawieniom prywatno\u015bci U\u017cytkownika odnosz\u0105cym si\u0119 do ka\u017cdej sieci spo\u0142eczno\u015bciowej.<br>Je\u015bli zainstalowana jest us\u0142uga interakcji z sieci\u0105 spo\u0142eczno\u015bciow\u0105, mo\u017cliwe jest, \u017ce nawet je\u015bli u\u017cytkownicy nie korzystaj\u0105 z us\u0142ugi, b\u0119dzie ona gromadzi\u0107 dane o ruchu zwi\u0105zane ze stronami, na kt\u00f3rych jest zainstalowana.<\/p>\n\n\n\n<div style=\"height:25px\" aria-hidden=\"true\" class=\"wp-block-spacer\"><\/div>\n\n\n\n<h4 class=\"wp-block-heading\"><strong>Przycisk \"Lubi\u0119 to\" na Facebooku i wid\u017cety spo\u0142eczno\u015bciowe (Facebook)<\/strong><\/h4>\n\n\n\n<p>Przycisk \"Lubi\u0119 to\" i wid\u017cety spo\u0142eczno\u015bciowe Facebooka s\u0105 us\u0142ugami interakcji z sieci\u0105 spo\u0142eczno\u015bciow\u0105 Facebook, dostarczanymi przez Facebook Inc.<\/p>\n\n\n\n<ul class=\"wp-block-list\">\n<li>Gromadzone dane osobowe: pliki cookie i dane dotycz\u0105ce u\u017cytkowania.<\/li>\n\n\n\n<li>Miejsce przetwarzania: USA -&nbsp;<a href=\"http:\/\/www.facebook.com\/privacy\/explanation.php\" target=\"_blank\" rel=\"noreferrer noopener\">Polityka prywatno\u015bci<\/a><\/li>\n<\/ul>\n\n\n\n<div style=\"height:25px\" aria-hidden=\"true\" class=\"wp-block-spacer\"><\/div>\n\n\n\n<h4 class=\"wp-block-heading\"><strong>Przycisk +1 i wid\u017cety spo\u0142eczno\u015bciowe Google+ (Google)<\/strong><\/h4>\n\n\n\n<p>Przycisk +1 i wid\u017cety spo\u0142eczno\u015bciowe Google+ to us\u0142ugi umo\u017cliwiaj\u0105ce interakcj\u0119 z sieci\u0105 spo\u0142eczno\u015bciow\u0105 Google+, udost\u0119pniane przez Google Inc.<\/p>\n\n\n\n<ul class=\"wp-block-list\">\n<li>Gromadzone dane osobowe: pliki cookie i dane dotycz\u0105ce u\u017cytkowania.<\/li>\n\n\n\n<li>Miejsce przetwarzania: USA -&nbsp;<a href=\"http:\/\/www.google.com\/intl\/it\/policies\/privacy\/\" target=\"_blank\" rel=\"noreferrer noopener\">Polityka prywatno\u015bci<\/a><\/li>\n<\/ul>\n\n\n\n<div style=\"height:25px\" aria-hidden=\"true\" class=\"wp-block-spacer\"><\/div>\n\n\n\n<h4 class=\"wp-block-heading\"><strong>Przycisk Twitter Tweet i wid\u017cety spo\u0142eczno\u015bciowe (Twitter)<\/strong><\/h4>\n\n\n\n<p>Przycisk Tweet i wid\u017cety spo\u0142eczno\u015bciowe Twittera to us\u0142ugi umo\u017cliwiaj\u0105ce interakcj\u0119 z sieci\u0105 spo\u0142eczno\u015bciow\u0105 Twitter, dostarczane przez Twitter Inc.<\/p>\n\n\n\n<ul class=\"wp-block-list\">\n<li>Gromadzone dane osobowe: pliki cookie i dane dotycz\u0105ce u\u017cytkowania.<\/li>\n\n\n\n<li>Miejsce przetwarzania: USA -&nbsp;<a href=\"http:\/\/twitter.com\/privacy\" target=\"_blank\" rel=\"noreferrer noopener\">Polityka prywatno\u015bci<\/a><\/li>\n<\/ul>\n\n\n\n<div style=\"height:25px\" aria-hidden=\"true\" class=\"wp-block-spacer\"><\/div>\n\n\n\n<h2 class=\"wp-block-heading\"><strong>Administrator danych<\/strong><\/h2>\n\n\n\n<p>Gabriella Coppola<br>VAT 02734080993<br>info@genovaturismo.it<\/p>\n\n\n\n<div style=\"height:25px\" aria-hidden=\"true\" class=\"wp-block-spacer\"><\/div>\n\n\n\n<h2 class=\"wp-block-heading\"><strong>Uwagi prawne<\/strong><\/h2>\n\n\n\n<p>Strona viennacitycard.com jest stron\u0105 informacyjn\u0105 o Wiedniu.<\/p>\n\n\n\n<p>Strona internetowa viennacitycard.com nie jest gazet\u0105, poniewa\u017c jest aktualizowana bez \u017cadnej okresowo\u015bci. Nie mo\u017cna jej zatem uzna\u0107 za produkt redakcyjny w rozumieniu ustawy nr 62 z 7.03.2001.<\/p>\n\n\n\n<p>Obrazy na tej stronie s\u0105 pobierane z Internetu po sprawdzeniu, \u017ce nale\u017c\u0105 do domeny publicznej; je\u015bli ich publikacja narusza jakiekolwiek prawa autorskie, prosimy o powiadomienie nas e-mailem na adres\u00a0<a href=\"mailto:info@viennacitycard.com\">info@genovaturismo.<\/a><a href=\"mailto:info@genovaturismo.com\" target=\"_blank\" rel=\"noreferrer noopener\">com<\/a>. Zostan\u0105 one natychmiast usuni\u0119te.<\/p>\n\n\n\n<p>Wszystkie informacje na stronie<strong>\u00a0<\/strong>viennacitycard.com zosta\u0142y uzyskane z oficjalnego kana\u0142u obiektu lub poprzez bezpo\u015bredni\u0105 wizyt\u0119. Nie wykluczaj\u0105c mo\u017cliwych nie\u015bcis\u0142o\u015bci lub pomini\u0119\u0107, zalecamy sprawdzenie oficjalnych kana\u0142\u00f3w przed uzyskaniem dost\u0119pu do obiekt\u00f3w.<br><br><strong>Viennacitycard.com<\/strong>\u00a0zrzeka si\u0119 wszelkiej odpowiedzialno\u015bci za jakiekolwiek b\u0142\u0119dy lub nie\u015bcis\u0142o\u015bci w informacjach zawartych w witrynie i w \u017caden spos\u00f3b nie ponosi odpowiedzialno\u015bci za jakiekolwiek szkody, bezpo\u015brednie lub po\u015brednie, wynikaj\u0105ce z polegania na informacjach zawartych w witrynie viennacitycard.com.<\/p>\n\n\n\n<p>Wszelkie raporty o b\u0142\u0119dach mo\u017cna wysy\u0142a\u0107 na adres e-mail\u00a0<a href=\"mailto:info@genovaturismo.com\">info@genovaturismo.com<\/a>.<\/p>\n\n\n\n<div style=\"height:25px\" aria-hidden=\"true\" class=\"wp-block-spacer\"><\/div>\n\n\n\n<h2 class=\"wp-block-heading\"><strong>Sprzeda\u017c bilet\u00f3w na Tiqets.com i GetYourGuide<\/strong><\/h2>\n\n\n\n<p>Ta strona jest powi\u0105zana z&nbsp;<a href=\"https:\/\/www.tiqets.com\/\" target=\"_blank\" rel=\"noreferrer noopener\">tiqets.com<\/a>&nbsp;e&nbsp;<a href=\"https:\/\/getyourguide.com\/\" target=\"_blank\" rel=\"noreferrer noopener\">getyourguide.com<\/a>, dw\u00f3ch wiod\u0105cych platform sprzeda\u017cy bilet\u00f3w na \u015bwiecie. Zakup bilet\u00f3w i wszystkie transakcje odbywaj\u0105 si\u0119 na ich platformie z zachowaniem pe\u0142nego bezpiecze\u0144stwa.&nbsp;<strong>Wydane bilety s\u0105 zawsze oficjalne<\/strong>. Witryna viennacitycard.com nie ponosi \u017cadnej odpowiedzialno\u015bci za sprzeda\u017c bilet\u00f3w i obs\u0142ug\u0119 posprzeda\u017cow\u0105. W przypadku jakichkolwiek problem\u00f3w ze sprzeda\u017c\u0105 bilet\u00f3w prosimy o kontakt z zespo\u0142em pomocy technicznej tiqets.com i getyourguide.com pod nast\u0119puj\u0105cymi adresami:<\/p>\n\n\n\n<ul class=\"wp-block-list\">\n<li>Tiqets:&nbsp;<a href=\"https:\/\/www.tiqets.com\/it\/support\/home\/\" target=\"_blank\" rel=\"noreferrer noopener\">https:\/\/www.tiqets.com\/it\/support\/home\/<\/a>.<\/li>\n\n\n\n<li>Getyourguide:&nbsp;<a href=\"https:\/\/www.getyourguide.com\/contact\/\" target=\"_blank\" rel=\"noreferrer noopener\">https:\/\/www.getyourguide.com\/contact\/<\/a><\/li>\n<\/ul>\n\n\n\n<div style=\"height:25px\" aria-hidden=\"true\" class=\"wp-block-spacer\"><\/div>\n\n\n\n<h2 class=\"wp-block-heading\"><strong>Wsp\u00f3\u0142praca z Booking.com<\/strong><\/h2>\n\n\n\n<p>Ta strona jest powi\u0105zana z&nbsp;<a href=\"https:\/\/www.booking.com\/\" target=\"_blank\" rel=\"noreferrer noopener\">booking.com<\/a>, strona rezerwacji online dla hoteli na ca\u0142ym \u015bwiecie.<\/p>","protected":false},"excerpt":{"rendered":"<p>Polityka prywatno\u015bci Dane osobowe mog\u0105 by\u0107 wykorzystywane do personalizacji reklam, a pliki cookie mog\u0105 by\u0107 wykorzystywane zar\u00f3wno do spersonalizowanych, jak i niespersonalizowanych reklam. Niniejszy blog nie stanowi gazety, poniewa\u017c jest aktualizowany bez \u017cadnej okresowo\u015bci. Nie mo\u017cna go zatem uzna\u0107 za produkt redakcyjny w rozumieniu ustawy nr 62 z 7.03.2001. Autor...<\/p>","protected":false},"author":1,"featured_media":0,"parent":0,"menu_order":0,"comment_status":"closed","ping_status":"closed","template":"","meta":{"footnotes":""},"class_list":["post-3","page","type-page","status-publish","hentry"],"yoast_head":"<!-- This site is optimized with the Yoast SEO plugin v25.8 - https:\/\/yoast.com\/wordpress\/plugins\/seo\/ -->\n<title>Privacy Policy - Vienna City Card<\/title>\n<meta name=\"robots\" content=\"index, follow, max-snippet:-1, max-image-preview:large, max-video-preview:-1\" \/>\n<link rel=\"canonical\" href=\"https:\/\/viennacitycard.com\/pl\/polityka-prywatnosci\/\" \/>\n<meta property=\"og:locale\" content=\"pl_PL\" \/>\n<meta property=\"og:type\" content=\"article\" \/>\n<meta property=\"og:title\" content=\"Privacy Policy - Vienna City Card\" \/>\n<meta property=\"og:description\" content=\"Privacy Policy I dati personali potrebbero essere utilizzati per la personalizzazione degli annunci pubblicitari e i cookies potrebbero essere utilizzati sia per annunci personalizzati che non. Questo blog&nbsp;non rappresenta una testata giornalistica&nbsp;in quanto viene aggiornato senza alcuna periodicit\u00e0 . Non pu\u00f2 pertanto considerarsi un prodotto editoriale ai sensi della legge n\u00b0 62 del 7.03.2001. L\u2019autore...\" \/>\n<meta property=\"og:url\" content=\"https:\/\/viennacitycard.com\/pl\/polityka-prywatnosci\/\" \/>\n<meta property=\"og:site_name\" content=\"Vienna City Card\" \/>\n<meta property=\"article:modified_time\" content=\"2025-03-25T17:36:05+00:00\" \/>\n<meta name=\"twitter:card\" content=\"summary_large_image\" \/>\n<meta name=\"twitter:label1\" content=\"Szacowany czas czytania\" \/>\n\t<meta name=\"twitter:data1\" content=\"8 minut\" \/>\n<script type=\"application\/ld+json\" class=\"yoast-schema-graph\">{\"@context\":\"https:\/\/schema.org\",\"@graph\":[{\"@type\":\"WebPage\",\"@id\":\"https:\/\/viennacitycard.com\/privacy-policy\/\",\"url\":\"https:\/\/viennacitycard.com\/privacy-policy\/\",\"name\":\"Privacy Policy - Vienna City Card\",\"isPartOf\":{\"@id\":\"https:\/\/viennacitycard.com\/#website\"},\"datePublished\":\"2023-10-13T08:03:35+00:00\",\"dateModified\":\"2025-03-25T17:36:05+00:00\",\"breadcrumb\":{\"@id\":\"https:\/\/viennacitycard.com\/privacy-policy\/#breadcrumb\"},\"inLanguage\":\"pl-PL\",\"potentialAction\":[{\"@type\":\"ReadAction\",\"target\":[\"https:\/\/viennacitycard.com\/privacy-policy\/\"]}]},{\"@type\":\"BreadcrumbList\",\"@id\":\"https:\/\/viennacitycard.com\/privacy-policy\/#breadcrumb\",\"itemListElement\":[{\"@type\":\"ListItem\",\"position\":1,\"name\":\"Home\",\"item\":\"https:\/\/viennacitycard.com\/\"},{\"@type\":\"ListItem\",\"position\":2,\"name\":\"Privacy Policy\"}]},{\"@type\":\"WebSite\",\"@id\":\"https:\/\/viennacitycard.com\/#website\",\"url\":\"https:\/\/viennacitycard.com\/\",\"name\":\"Vienna City Card\",\"description\":\"La Carta Turistica Ufficiale di Vienna\",\"publisher\":{\"@id\":\"https:\/\/viennacitycard.com\/#organization\"},\"potentialAction\":[{\"@type\":\"SearchAction\",\"target\":{\"@type\":\"EntryPoint\",\"urlTemplate\":\"https:\/\/viennacitycard.com\/?s={search_term_string}\"},\"query-input\":{\"@type\":\"PropertyValueSpecification\",\"valueRequired\":true,\"valueName\":\"search_term_string\"}}],\"inLanguage\":\"pl-PL\"},{\"@type\":\"Organization\",\"@id\":\"https:\/\/viennacitycard.com\/#organization\",\"name\":\"Vienna City Card\",\"url\":\"https:\/\/viennacitycard.com\/\",\"logo\":{\"@type\":\"ImageObject\",\"inLanguage\":\"pl-PL\",\"@id\":\"https:\/\/viennacitycard.com\/#\/schema\/logo\/image\/\",\"url\":\"https:\/\/viennacitycard.com\/wp-content\/uploads\/2023\/10\/cropped-cropped-ViennaCard-Orizzontale.png\",\"contentUrl\":\"https:\/\/viennacitycard.com\/wp-content\/uploads\/2023\/10\/cropped-cropped-ViennaCard-Orizzontale.png\",\"width\":1280,\"height\":467,\"caption\":\"Vienna City Card\"},\"image\":{\"@id\":\"https:\/\/viennacitycard.com\/#\/schema\/logo\/image\/\"}}]}<\/script>\n<!-- \/ Yoast SEO plugin. -->","yoast_head_json":{"title":"Polityka prywatno\u015bci - Vienna City Card","robots":{"index":"index","follow":"follow","max-snippet":"max-snippet:-1","max-image-preview":"max-image-preview:large","max-video-preview":"max-video-preview:-1"},"canonical":"https:\/\/viennacitycard.com\/pl\/polityka-prywatnosci\/","og_locale":"pl_PL","og_type":"article","og_title":"Privacy Policy - Vienna City Card","og_description":"Privacy Policy I dati personali potrebbero essere utilizzati per la personalizzazione degli annunci pubblicitari e i cookies potrebbero essere utilizzati sia per annunci personalizzati che non. Questo blog&nbsp;non rappresenta una testata giornalistica&nbsp;in quanto viene aggiornato senza alcuna periodicit\u00e0 . Non pu\u00f2 pertanto considerarsi un prodotto editoriale ai sensi della legge n\u00b0 62 del 7.03.2001. L\u2019autore...","og_url":"https:\/\/viennacitycard.com\/pl\/polityka-prywatnosci\/","og_site_name":"Vienna City Card","article_modified_time":"2025-03-25T17:36:05+00:00","twitter_card":"summary_large_image","twitter_misc":{"Szacowany czas czytania":"8 minut"},"schema":{"@context":"https:\/\/schema.org","@graph":[{"@type":"WebPage","@id":"https:\/\/viennacitycard.com\/privacy-policy\/","url":"https:\/\/viennacitycard.com\/privacy-policy\/","name":"Polityka prywatno\u015bci - Vienna City Card","isPartOf":{"@id":"https:\/\/viennacitycard.com\/#website"},"datePublished":"2023-10-13T08:03:35+00:00","dateModified":"2025-03-25T17:36:05+00:00","breadcrumb":{"@id":"https:\/\/viennacitycard.com\/privacy-policy\/#breadcrumb"},"inLanguage":"pl-PL","potentialAction":[{"@type":"ReadAction","target":["https:\/\/viennacitycard.com\/privacy-policy\/"]}]},{"@type":"BreadcrumbList","@id":"https:\/\/viennacitycard.com\/privacy-policy\/#breadcrumb","itemListElement":[{"@type":"ListItem","position":1,"name":"Home","item":"https:\/\/viennacitycard.com\/"},{"@type":"ListItem","position":2,"name":"Privacy Policy"}]},{"@type":"WebSite","@id":"https:\/\/viennacitycard.com\/#website","url":"https:\/\/viennacitycard.com\/","name":"Vienna City Card","description":"Oficjalna mapa turystyczna Wiednia","publisher":{"@id":"https:\/\/viennacitycard.com\/#organization"},"potentialAction":[{"@type":"SearchAction","target":{"@type":"EntryPoint","urlTemplate":"https:\/\/viennacitycard.com\/?s={search_term_string}"},"query-input":{"@type":"PropertyValueSpecification","valueRequired":true,"valueName":"search_term_string"}}],"inLanguage":"pl-PL"},{"@type":"Organization","@id":"https:\/\/viennacitycard.com\/#organization","name":"Vienna City Card","url":"https:\/\/viennacitycard.com\/","logo":{"@type":"ImageObject","inLanguage":"pl-PL","@id":"https:\/\/viennacitycard.com\/#\/schema\/logo\/image\/","url":"https:\/\/viennacitycard.com\/wp-content\/uploads\/2023\/10\/cropped-cropped-ViennaCard-Orizzontale.png","contentUrl":"https:\/\/viennacitycard.com\/wp-content\/uploads\/2023\/10\/cropped-cropped-ViennaCard-Orizzontale.png","width":1280,"height":467,"caption":"Vienna City Card"},"image":{"@id":"https:\/\/viennacitycard.com\/#\/schema\/logo\/image\/"}}]}},"_links":{"self":[{"href":"https:\/\/viennacitycard.com\/pl\/wp-json\/wp\/v2\/pages\/3","targetHints":{"allow":["GET"]}}],"collection":[{"href":"https:\/\/viennacitycard.com\/pl\/wp-json\/wp\/v2\/pages"}],"about":[{"href":"https:\/\/viennacitycard.com\/pl\/wp-json\/wp\/v2\/types\/page"}],"author":[{"embeddable":true,"href":"https:\/\/viennacitycard.com\/pl\/wp-json\/wp\/v2\/users\/1"}],"replies":[{"embeddable":true,"href":"https:\/\/viennacitycard.com\/pl\/wp-json\/wp\/v2\/comments?post=3"}],"version-history":[{"count":6,"href":"https:\/\/viennacitycard.com\/pl\/wp-json\/wp\/v2\/pages\/3\/revisions"}],"predecessor-version":[{"id":881,"href":"https:\/\/viennacitycard.com\/pl\/wp-json\/wp\/v2\/pages\/3\/revisions\/881"}],"wp:attachment":[{"href":"https:\/\/viennacitycard.com\/pl\/wp-json\/wp\/v2\/media?parent=3"}],"curies":[{"name":"wp","href":"https:\/\/api.w.org\/{rel}","templated":true}]}}