{"id":3,"date":"2023-10-13T08:03:35","date_gmt":"2023-10-13T08:03:35","guid":{"rendered":"https:\/\/viennacitycard.com\/?page_id=3"},"modified":"2025-03-25T17:36:05","modified_gmt":"2025-03-25T17:36:05","slug":"integritetspolicy","status":"publish","type":"page","link":"https:\/\/viennacitycard.com\/sv\/integritetspolicy\/","title":{"rendered":"Integritetspolicy"},"content":{"rendered":"<h1 class=\"wp-block-heading\"><strong>Integritetspolicy<\/strong><\/h1>\n\n\n\n<p>Personuppgifter kan anv\u00e4ndas f\u00f6r att anpassa annonser och cookies kan anv\u00e4ndas f\u00f6r b\u00e5de anpassade och icke anpassade annonser.<\/p>\n\n\n\n<p>Denna blogg&nbsp;<strong>representerar inte en tidning<\/strong>&nbsp;eftersom den uppdateras utan n\u00e5gon regelbundenhet. Den kan d\u00e4rf\u00f6r inte betraktas som en redaktionell produkt enligt lag nr 62 av den 7.03.2001.<\/p>\n\n\n\n<p>F\u00f6rfattaren \u00e4r inte ansvarig f\u00f6r vad l\u00e4sarna publicerar i kommentarerna till varje inl\u00e4gg.<\/p>\n\n\n\n<p>Kommentarer som anses st\u00f6tande eller skadliga f\u00f6r andras anseende eller heder, spammiga, rasistiska eller inneh\u00e5ller personuppgifter som inte \u00f6verensst\u00e4mmer med sekretesspolicyn kommer att raderas.<\/p>\n\n\n\n<p>Vissa texter eller bilder som ing\u00e5r i denna blogg \u00e4r h\u00e4mtade fr\u00e5n Internet och anses d\u00e4rf\u00f6r vara allm\u00e4nt tillg\u00e4ngliga; om publiceringen av dem bryter mot n\u00e5gon upphovsr\u00e4tt, v\u00e4nligen meddela oss via e-post. De kommer att tas bort omedelbart.<\/p>\n\n\n\n<p>Bloggf\u00f6rfattaren ansvarar inte f\u00f6r l\u00e4nkade webbplatser eller deras inneh\u00e5ll, som kan komma att \u00e4ndras \u00f6ver tid.<\/p>\n\n\n\n<div style=\"height:15px\" aria-hidden=\"true\" class=\"wp-block-spacer\"><\/div>\n\n\n\n\n\n\n<div style=\"height:25px\" aria-hidden=\"true\" class=\"wp-block-spacer\"><\/div>\n\n\n\n<h2 class=\"wp-block-heading\"><strong>Kommentarer till inneh\u00e5llet<\/strong><\/h2>\n\n\n\n<p>Kommentartj\u00e4nster g\u00f6r det m\u00f6jligt f\u00f6r Anv\u00e4ndare att formulera och offentligg\u00f6ra sina egna kommentarer om inneh\u00e5llet i denna Applikation.<br>Beroende p\u00e5 de inst\u00e4llningar som beslutas av den personuppgiftsansvarige kan anv\u00e4ndarna ocks\u00e5 l\u00e4mna kommentarer anonymt. Om de personuppgifter som tillhandah\u00e5lls av anv\u00e4ndaren inkluderar e-post, kan detta anv\u00e4ndas f\u00f6r att skicka meddelanden om kommentarer om samma inneh\u00e5ll. Anv\u00e4ndaren \u00e4r ansvarig f\u00f6r inneh\u00e5llet i sina kommentarer.<br>Om en kommentarstj\u00e4nst som tillhandah\u00e5lls av tredje part installeras \u00e4r det m\u00f6jligt att den, \u00e4ven om anv\u00e4ndarna inte anv\u00e4nder kommentarstj\u00e4nsten, kommer att samla in trafikdata som r\u00f6r de sidor d\u00e4r kommentarstj\u00e4nsten \u00e4r installerad.<\/p>\n\n\n\n<div style=\"height:25px\" aria-hidden=\"true\" class=\"wp-block-spacer\"><\/div>\n\n\n\n<h3 class=\"wp-block-heading\"><strong>Facebook-kommentarer (Facebook)<\/strong><\/h3>\n\n\n\n<p>Facebook Comments \u00e4r en tj\u00e4nst som drivs av Facebook Inc. som g\u00f6r det m\u00f6jligt f\u00f6r anv\u00e4ndaren att l\u00e4mna kommentarer och dela dem inom Facebook-plattformen.<\/p>\n\n\n\n<ul class=\"wp-block-list\">\n<li><strong>Insamlade personuppgifter<\/strong>Cookies och anv\u00e4ndningsdata.<\/li>\n\n\n\n<li><strong>Plats f\u00f6r bearbetning:<\/strong> USA - USA&nbsp;<a href=\"http:\/\/www.facebook.com\/privacy\/explanation.php\" target=\"_blank\" rel=\"noreferrer noopener\">Integritetspolicy<\/a><\/li>\n<\/ul>\n\n\n\n<div style=\"height:25px\" aria-hidden=\"true\" class=\"wp-block-spacer\"><\/div>\n\n\n\n<h3 class=\"wp-block-heading\"><strong>Disqus (Disqus)<\/strong><\/h3>\n\n\n\n<p>Disqus \u00e4r en kommentartj\u00e4nst f\u00f6r inneh\u00e5ll som tillhandah\u00e5lls av Big Heads Labs Inc.<\/p>\n\n\n\n<ul class=\"wp-block-list\">\n<li><strong>Insamlade personuppgifter:<\/strong> Cookies och anv\u00e4ndningsdata.<\/li>\n\n\n\n<li><strong>Plats f\u00f6r bearbetning<\/strong>USA - USA&nbsp;<a href=\"http:\/\/docs.disqus.com\/help\/30\/\" target=\"_blank\" rel=\"noreferrer noopener\">Integritetspolicy<\/a>&nbsp;\u2013&nbsp;<a href=\"https:\/\/help.disqus.com\/customer\/portal\/articles\/1657951\" target=\"_blank\" rel=\"noreferrer noopener\">V\u00e4lj bort<\/a><\/li>\n<\/ul>\n\n\n\n<div style=\"height:25px\" aria-hidden=\"true\" class=\"wp-block-spacer\"><\/div>\n\n\n\n<h2 class=\"wp-block-heading\"><strong>Integritetspolicy Blogg<\/strong><\/h2>\n\n\n\n<p>Integritetspolicy (artikel 13 i D.Lgs. 196\/2003): De uppgifter som bloggdeltagarna l\u00e4mnar n\u00e4r de registrerar sig \u00e4r begr\u00e4nsade till deras e-postadress och \u00e4r obligatoriska f\u00f6r att f\u00e5 ett meddelande om att ett inl\u00e4gg har publicerats.<br>F\u00f6r att l\u00e4gga in en kommentar m\u00e5ste anv\u00e4ndaren \u00e5 andra sidan, f\u00f6rutom e-postadressen, ange sitt f\u00f6r- och efternamn, som kanske inte heller publiceras tillsammans med den kommentar som anv\u00e4ndaren har lagt in, medan e-postadressen endast anv\u00e4nds f\u00f6r att skicka nyheter p\u00e5 webbplatsen. De \u00e5sikter och kommentarer som publiceras av anv\u00e4ndare, och den information och data som finns i dem, kommer inte att anv\u00e4ndas f\u00f6r n\u00e5got annat \u00e4ndam\u00e5l \u00e4n deras publicering p\u00e5 bloggen; i synnerhet kommer de inte att aggregeras eller v\u00e4ljas i specifika databaser. All behandling f\u00f6r statistiska \u00e4ndam\u00e5l som webbplatsen kan ha f\u00f6r avsikt att utf\u00f6ra i framtiden kommer uteslutande att utf\u00f6ras p\u00e5 anonym basis. Medan spridningen av anv\u00e4ndarens personuppgifter och de som kan uppt\u00e4ckas fr\u00e5n publicerade kommentarer ska f\u00f6rst\u00e5s som direkt h\u00e4nf\u00f6rliga till anv\u00e4ndarens initiativ, garanterar vi att ingen annan hypotes f\u00f6r \u00f6verf\u00f6ring eller spridning av samma \u00e4r d\u00e4rf\u00f6r planerad. I vilket fall som helst har anv\u00e4ndaren n\u00e4r som helst m\u00f6jlighet att ut\u00f6va de r\u00e4ttigheter som anges i artikel 7 i lagdekret 196\/2003. F\u00f6r att ut\u00f6va dessa r\u00e4ttigheter kan anv\u00e4ndaren kontakta den personuppgiftsansvarige direkt p\u00e5 info@viennacitycard.com.<\/p>\n\n\n\n<div style=\"height:25px\" aria-hidden=\"true\" class=\"wp-block-spacer\"><\/div>\n\n\n\n<h2 class=\"wp-block-heading\"><strong>Ansvarsfriskrivning f\u00f6r Google Analytics<\/strong><\/h2>\n\n\n\n<p>Denna webbplats anv\u00e4nder Google Analytics, en webbanalystj\u00e4nst som tillhandah\u00e5lls av Google, Inc. (\"Google\"). Google Analytics anv\u00e4nder \"cookies\", som \u00e4r textfiler som placeras p\u00e5 din dator, f\u00f6r att hj\u00e4lpa webbplatsen att analysera hur anv\u00e4ndarna anv\u00e4nder webbplatsen. Den information som genereras av cookien om din anv\u00e4ndning av webbplatsen (inklusive din IP-adress) kommer att \u00f6verf\u00f6ras till och lagras av Google p\u00e5 servrar i USA. Google kommer att anv\u00e4nda denna information i syfte att utv\u00e4rdera din anv\u00e4ndning av webbplatsen, sammanst\u00e4lla rapporter om webbplatsaktivitet f\u00f6r webbplatsoperat\u00f6rer och tillhandah\u00e5lla andra tj\u00e4nster relaterade till webbplatsaktivitet och internetanv\u00e4ndning. Google kan ocks\u00e5 \u00f6verf\u00f6ra denna information till tredje part d\u00e4r s\u00e5 kr\u00e4vs enligt lag, eller d\u00e4r s\u00e5dana tredje parter behandlar informationen p\u00e5 Googles v\u00e4gnar. Google kommer inte att associera din IP-adress med n\u00e5gon annan data som innehas av Google. Du kan neka anv\u00e4ndningen av cookies genom att v\u00e4lja l\u00e4mpliga inst\u00e4llningar i din webbl\u00e4sare, men detta kan hindra dig fr\u00e5n att anv\u00e4nda alla funktioner p\u00e5 denna webbplats. Genom att anv\u00e4nda denna webbplats samtycker du till att Google behandlar uppgifter om dig p\u00e5 det s\u00e4tt och f\u00f6r de syften som anges ovan.<\/p>\n\n\n\n<div style=\"height:25px\" aria-hidden=\"true\" class=\"wp-block-spacer\"><\/div>\n\n\n\n<h2 class=\"wp-block-heading\"><strong>Facebook-beh\u00f6righeter som kr\u00e4vs f\u00f6r denna ans\u00f6kan<\/strong><\/h2>\n\n\n\n<p>Denna applikation kan kr\u00e4va vissa Facebook-beh\u00f6righeter som g\u00f6r det m\u00f6jligt att utf\u00f6ra \u00e5tg\u00e4rder med anv\u00e4ndarens Facebook-konto och samla in information, inklusive personuppgifter, fr\u00e5n det.<\/p>\n\n\n\n<p>F\u00f6r mer information om f\u00f6ljande tillst\u00e5nd, se&nbsp;<a href=\"https:\/\/developers.facebook.com\/docs\/authentication\/permissions\/\" target=\"_blank\" rel=\"noreferrer noopener\">dokumentation av Facebook-tillst\u00e5nd&nbsp;<\/a>och till <a href=\"https:\/\/www.facebook.com\/about\/privacy\/\" target=\"_blank\" rel=\"noreferrer noopener\">Facebooks integritetspolicy<\/a>.<\/p>\n\n\n\n<p>F\u00f6ljande tillst\u00e5nd kr\u00e4vs:<\/p>\n\n\n\n<div style=\"height:25px\" aria-hidden=\"true\" class=\"wp-block-spacer\"><\/div>\n\n\n\n<h3 class=\"wp-block-heading\"><strong>Grundl\u00e4ggande information<\/strong><\/h3>\n\n\n\n<p>Anv\u00e4ndarens grundl\u00e4ggande information som registrerats p\u00e5 Facebook inneh\u00e5ller normalt f\u00f6ljande uppgifter: id, namn, bild, k\u00f6n och spr\u00e5k och, i vissa fall, Facebook \"v\u00e4nner\". Om Anv\u00e4ndaren har gjort ytterligare Data offentligt tillg\u00e4ngliga, kommer dessa att vara tillg\u00e4ngliga.<\/p>\n\n\n\n<div style=\"height:25px\" aria-hidden=\"true\" class=\"wp-block-spacer\"><\/div>\n\n\n\n<h3 class=\"wp-block-heading\"><strong>Sociala till\u00e4mpningar<\/strong><\/h3>\n\n\n\n<p>Med hj\u00e4lp av dessa tj\u00e4nster kan webbplatsen f\u00e5 tillg\u00e5ng till dina profiluppgifter p\u00e5 sociala n\u00e4tverk och interagera med dina inl\u00e4gg. Dessa tj\u00e4nster aktiveras inte automatiskt, utan kr\u00e4ver ett uttryckligt tillst\u00e5nd fr\u00e5n anv\u00e4ndaren.<\/p>\n\n\n\n<div style=\"height:25px\" aria-hidden=\"true\" class=\"wp-block-spacer\"><\/div>\n\n\n\n<h3 class=\"wp-block-heading\"><strong>Logga in p\u00e5 ditt Facebook-konto (denna applikation)<\/strong><\/h3>\n\n\n\n<p>Denna tj\u00e4nst g\u00f6r det m\u00f6jligt f\u00f6r applikationen att ansluta till anv\u00e4ndarens konto p\u00e5 det sociala n\u00e4tverket Facebook, som tillhandah\u00e5lls av Facebook Inc.<\/p>\n\n\n\n<ul class=\"wp-block-list\">\n<li>Tillst\u00e5nd kr\u00e4vs: Olika typer av Data enligt vad som anges i tj\u00e4nstens integritetspolicy.<\/li>\n\n\n\n<li>Plats f\u00f6r bearbetning : USA -&nbsp;<a href=\"http:\/\/www.facebook.com\/privacy\/explanation.php\" target=\"_blank\" rel=\"noreferrer noopener\">Integritetspolicy<\/a><\/li>\n<\/ul>\n\n\n\n<div style=\"height:25px\" aria-hidden=\"true\" class=\"wp-block-spacer\"><\/div>\n\n\n\n<h3 class=\"wp-block-heading\"><strong>Interaktion med sociala n\u00e4tverk och externa plattformar<\/strong><\/h3>\n\n\n\n<p>Dessa tj\u00e4nster m\u00f6jligg\u00f6r interaktion med sociala n\u00e4tverk, eller andra externa plattformar, direkt fr\u00e5n applikationens sidor. De interaktioner och den information som erh\u00e5lls genom denna applikation \u00e4r under alla omst\u00e4ndigheter f\u00f6rem\u00e5l f\u00f6r anv\u00e4ndarens sekretessinst\u00e4llningar f\u00f6r varje socialt n\u00e4tverk.<br>Om en interaktionstj\u00e4nst f\u00f6r sociala n\u00e4tverk installeras \u00e4r det m\u00f6jligt att den, \u00e4ven om anv\u00e4ndarna inte anv\u00e4nder tj\u00e4nsten, samlar in trafikuppgifter om de sidor d\u00e4r den \u00e4r installerad.<\/p>\n\n\n\n<div style=\"height:25px\" aria-hidden=\"true\" class=\"wp-block-spacer\"><\/div>\n\n\n\n<h4 class=\"wp-block-heading\"><strong>Facebooks Gilla-knapp och sociala widgetar (Facebook)<\/strong><\/h4>\n\n\n\n<p>Facebooks \"Gilla\"-knapp och sociala widgets \u00e4r interaktionstj\u00e4nster med det sociala n\u00e4tverket Facebook, som tillhandah\u00e5lls av Facebook Inc.<\/p>\n\n\n\n<ul class=\"wp-block-list\">\n<li>Personuppgifter som samlas in: Cookies och anv\u00e4ndningsdata.<\/li>\n\n\n\n<li>Plats f\u00f6r bearbetning : USA -&nbsp;<a href=\"http:\/\/www.facebook.com\/privacy\/explanation.php\" target=\"_blank\" rel=\"noreferrer noopener\">Integritetspolicy<\/a><\/li>\n<\/ul>\n\n\n\n<div style=\"height:25px\" aria-hidden=\"true\" class=\"wp-block-spacer\"><\/div>\n\n\n\n<h4 class=\"wp-block-heading\"><strong>+1-knappen och Google+ sociala widgetar (Google)<\/strong><\/h4>\n\n\n\n<p>+1-knappen och Google+ sociala widgetar \u00e4r tj\u00e4nster f\u00f6r interaktion med det sociala n\u00e4tverket Google+, som tillhandah\u00e5lls av Google Inc.<\/p>\n\n\n\n<ul class=\"wp-block-list\">\n<li>Personuppgifter som samlas in: Cookies och anv\u00e4ndningsdata.<\/li>\n\n\n\n<li>Plats f\u00f6r bearbetning : USA -&nbsp;<a href=\"http:\/\/www.google.com\/intl\/it\/policies\/privacy\/\" target=\"_blank\" rel=\"noreferrer noopener\">Integritetspolicy<\/a><\/li>\n<\/ul>\n\n\n\n<div style=\"height:25px\" aria-hidden=\"true\" class=\"wp-block-spacer\"><\/div>\n\n\n\n<h4 class=\"wp-block-heading\"><strong>Twitter Tweet-knapp och sociala widgetar (Twitter)<\/strong><\/h4>\n\n\n\n<p>Tweet-knappen och Twitters sociala widgetar \u00e4r tj\u00e4nster f\u00f6r att interagera med det sociala n\u00e4tverket Twitter, som tillhandah\u00e5lls av Twitter Inc.<\/p>\n\n\n\n<ul class=\"wp-block-list\">\n<li>Personuppgifter som samlas in: Cookies och anv\u00e4ndningsdata.<\/li>\n\n\n\n<li>Plats f\u00f6r bearbetning : USA -&nbsp;<a href=\"http:\/\/twitter.com\/privacy\" target=\"_blank\" rel=\"noreferrer noopener\">Integritetspolicy<\/a><\/li>\n<\/ul>\n\n\n\n<div style=\"height:25px\" aria-hidden=\"true\" class=\"wp-block-spacer\"><\/div>\n\n\n\n<h2 class=\"wp-block-heading\"><strong>Personuppgiftsansvarig<\/strong><\/h2>\n\n\n\n<p>Gabriella Coppola<br>MOMS 02734080993<br>info@genovaturismo.it<\/p>\n\n\n\n<div style=\"height:25px\" aria-hidden=\"true\" class=\"wp-block-spacer\"><\/div>\n\n\n\n<h2 class=\"wp-block-heading\"><strong>R\u00e4ttsliga anm\u00e4rkningar<\/strong><\/h2>\n\n\n\n<p>Webbplatsen viennacitycard.com \u00e4r en informationssida om Wien.<\/p>\n\n\n\n<p>Webbplatsen viennacitycard.com \u00e4r inte en tidning eftersom den uppdateras utan n\u00e5gon regelbundenhet. Den kan d\u00e4rf\u00f6r inte betraktas som en redaktionell produkt enligt lag nr 62 av den 7.03.2001.<\/p>\n\n\n\n<p>Bilderna p\u00e5 denna webbplats har h\u00e4mtats fr\u00e5n Internet efter kontroll av att de \u00e4r allm\u00e4nt tillg\u00e4ngliga; om publiceringen av dem inneb\u00e4r intr\u00e5ng i upphovsr\u00e4tten, v\u00e4nligen meddela oss via e-post p\u00e5\u00a0<a href=\"mailto:info@viennacitycard.com\">info@genovaturismo.<\/a><a href=\"mailto:info@genovaturismo.com\" target=\"_blank\" rel=\"noreferrer noopener\">kom<\/a>. De kommer att tas bort omedelbart.<\/p>\n\n\n\n<p>All information p\u00e5 webbplatsen<strong>\u00a0<\/strong>viennacitycard.com erh\u00f6lls fr\u00e5n anl\u00e4ggningens officiella kanal eller genom direktbes\u00f6k. F\u00f6r att inte utesluta eventuella felaktigheter eller utel\u00e4mnanden rekommenderar vi att du kontrollerar de officiella kanalerna innan du bes\u00f6ker anl\u00e4ggningarna.<br><br><strong>Viennacitycard.com<\/strong>\u00a0fr\u00e5ns\u00e4ger sig allt ansvar f\u00f6r eventuella fel eller brister i informationen p\u00e5 webbplatsen och ska inte p\u00e5 n\u00e5got s\u00e4tt h\u00e5llas ansvarigt f\u00f6r skador av n\u00e5got slag, direkta eller indirekta, som uppst\u00e5r till f\u00f6ljd av att man f\u00f6rlitar sig p\u00e5 informationen p\u00e5 viennacitycard.com.<\/p>\n\n\n\n<p>Du kan skicka eventuella felrapporter till e-postadressen\u00a0<a href=\"mailto:info@genovaturismo.com\">info@genovaturismo.com<\/a>.<\/p>\n\n\n\n<div style=\"height:25px\" aria-hidden=\"true\" class=\"wp-block-spacer\"><\/div>\n\n\n\n<h2 class=\"wp-block-heading\"><strong>Biljettf\u00f6rs\u00e4ljning p\u00e5 Tiqets.com och GetYourGuide<\/strong><\/h2>\n\n\n\n<p>Denna webbplats \u00e4r ansluten till&nbsp;<a href=\"https:\/\/www.tiqets.com\/\" target=\"_blank\" rel=\"noreferrer noopener\">tiqets.com<\/a>&nbsp;e&nbsp;<a href=\"https:\/\/getyourguide.com\/\" target=\"_blank\" rel=\"noreferrer noopener\">getyourguide.com<\/a>, tv\u00e5 av de ledande plattformarna f\u00f6r biljettf\u00f6rs\u00e4ljning i v\u00e4rlden. K\u00f6p av biljetter och alla transaktioner sker p\u00e5 deras plattform i fullst\u00e4ndig s\u00e4kerhet.&nbsp;<strong>Utf\u00e4rdade biljetter \u00e4r alltid officiella<\/strong>. Webbplatsen viennacitycard.com ansvarar inte p\u00e5 n\u00e5got s\u00e4tt f\u00f6r biljettf\u00f6rs\u00e4ljning och service efter f\u00f6rs\u00e4ljning. Om du har n\u00e5gra problem med biljettf\u00f6rs\u00e4ljningen, v\u00e4nligen kontakta tiqets.com och getyourguide.com supportteam p\u00e5 f\u00f6ljande adresser:<\/p>\n\n\n\n<ul class=\"wp-block-list\">\n<li>Tiqets:&nbsp;<a href=\"https:\/\/www.tiqets.com\/it\/support\/home\/\" target=\"_blank\" rel=\"noreferrer noopener\">https:\/\/www.tiqets.com\/it\/support\/home\/<\/a>.<\/li>\n\n\n\n<li>Getyourguide:&nbsp;<a href=\"https:\/\/www.getyourguide.com\/contact\/\" target=\"_blank\" rel=\"noreferrer noopener\">https:\/\/www.getyourguide.com\/contact\/<\/a><\/li>\n<\/ul>\n\n\n\n<div style=\"height:25px\" aria-hidden=\"true\" class=\"wp-block-spacer\"><\/div>\n\n\n\n<h2 class=\"wp-block-heading\"><strong>Anknytning till Booking.com<\/strong><\/h2>\n\n\n\n<p>Denna webbplats \u00e4r ansluten till&nbsp;<a href=\"https:\/\/www.booking.com\/\" target=\"_blank\" rel=\"noreferrer noopener\">bokning.com<\/a>, en webbplats f\u00f6r bokning av hotell \u00f6ver hela v\u00e4rlden.<\/p>","protected":false},"excerpt":{"rendered":"<p>Integritetspolicy Personuppgifter kan anv\u00e4ndas f\u00f6r att personanpassa annonser och cookies kan anv\u00e4ndas f\u00f6r b\u00e5de personanpassade och icke-personanpassade annonser. Denna blogg utg\u00f6r inte en tidning eftersom den uppdateras utan n\u00e5gon periodicitet. Den kan d\u00e4rf\u00f6r inte betraktas som en redaktionell produkt i den mening som avses i lag nr 62 av den 7.03.2001. F\u00f6rfattaren...<\/p>","protected":false},"author":1,"featured_media":0,"parent":0,"menu_order":0,"comment_status":"closed","ping_status":"closed","template":"","meta":{"footnotes":""},"class_list":["post-3","page","type-page","status-publish","hentry"],"yoast_head":"<!-- This site is optimized with the Yoast SEO plugin v25.8 - https:\/\/yoast.com\/wordpress\/plugins\/seo\/ -->\n<title>Privacy Policy - Vienna City Card<\/title>\n<meta name=\"robots\" content=\"index, follow, max-snippet:-1, max-image-preview:large, max-video-preview:-1\" \/>\n<link rel=\"canonical\" href=\"https:\/\/viennacitycard.com\/sv\/integritetspolicy\/\" \/>\n<meta property=\"og:locale\" content=\"sv_SE\" \/>\n<meta property=\"og:type\" content=\"article\" \/>\n<meta property=\"og:title\" content=\"Privacy Policy - Vienna City Card\" \/>\n<meta property=\"og:description\" content=\"Privacy Policy I dati personali potrebbero essere utilizzati per la personalizzazione degli annunci pubblicitari e i cookies potrebbero essere utilizzati sia per annunci personalizzati che non. Questo blog&nbsp;non rappresenta una testata giornalistica&nbsp;in quanto viene aggiornato senza alcuna periodicit\u00e0 . Non pu\u00f2 pertanto considerarsi un prodotto editoriale ai sensi della legge n\u00b0 62 del 7.03.2001. L\u2019autore...\" \/>\n<meta property=\"og:url\" content=\"https:\/\/viennacitycard.com\/sv\/integritetspolicy\/\" \/>\n<meta property=\"og:site_name\" content=\"Vienna City Card\" \/>\n<meta property=\"article:modified_time\" content=\"2025-03-25T17:36:05+00:00\" \/>\n<meta name=\"twitter:card\" content=\"summary_large_image\" \/>\n<meta name=\"twitter:label1\" content=\"Ber\u00e4knad l\u00e4stid\" \/>\n\t<meta name=\"twitter:data1\" content=\"8 minuter\" \/>\n<script type=\"application\/ld+json\" class=\"yoast-schema-graph\">{\"@context\":\"https:\/\/schema.org\",\"@graph\":[{\"@type\":\"WebPage\",\"@id\":\"https:\/\/viennacitycard.com\/privacy-policy\/\",\"url\":\"https:\/\/viennacitycard.com\/privacy-policy\/\",\"name\":\"Privacy Policy - Vienna City Card\",\"isPartOf\":{\"@id\":\"https:\/\/viennacitycard.com\/#website\"},\"datePublished\":\"2023-10-13T08:03:35+00:00\",\"dateModified\":\"2025-03-25T17:36:05+00:00\",\"breadcrumb\":{\"@id\":\"https:\/\/viennacitycard.com\/privacy-policy\/#breadcrumb\"},\"inLanguage\":\"sv-SE\",\"potentialAction\":[{\"@type\":\"ReadAction\",\"target\":[\"https:\/\/viennacitycard.com\/privacy-policy\/\"]}]},{\"@type\":\"BreadcrumbList\",\"@id\":\"https:\/\/viennacitycard.com\/privacy-policy\/#breadcrumb\",\"itemListElement\":[{\"@type\":\"ListItem\",\"position\":1,\"name\":\"Home\",\"item\":\"https:\/\/viennacitycard.com\/\"},{\"@type\":\"ListItem\",\"position\":2,\"name\":\"Privacy Policy\"}]},{\"@type\":\"WebSite\",\"@id\":\"https:\/\/viennacitycard.com\/#website\",\"url\":\"https:\/\/viennacitycard.com\/\",\"name\":\"Vienna City Card\",\"description\":\"La Carta Turistica Ufficiale di Vienna\",\"publisher\":{\"@id\":\"https:\/\/viennacitycard.com\/#organization\"},\"potentialAction\":[{\"@type\":\"SearchAction\",\"target\":{\"@type\":\"EntryPoint\",\"urlTemplate\":\"https:\/\/viennacitycard.com\/?s={search_term_string}\"},\"query-input\":{\"@type\":\"PropertyValueSpecification\",\"valueRequired\":true,\"valueName\":\"search_term_string\"}}],\"inLanguage\":\"sv-SE\"},{\"@type\":\"Organization\",\"@id\":\"https:\/\/viennacitycard.com\/#organization\",\"name\":\"Vienna City Card\",\"url\":\"https:\/\/viennacitycard.com\/\",\"logo\":{\"@type\":\"ImageObject\",\"inLanguage\":\"sv-SE\",\"@id\":\"https:\/\/viennacitycard.com\/#\/schema\/logo\/image\/\",\"url\":\"https:\/\/viennacitycard.com\/wp-content\/uploads\/2023\/10\/cropped-cropped-ViennaCard-Orizzontale.png\",\"contentUrl\":\"https:\/\/viennacitycard.com\/wp-content\/uploads\/2023\/10\/cropped-cropped-ViennaCard-Orizzontale.png\",\"width\":1280,\"height\":467,\"caption\":\"Vienna City Card\"},\"image\":{\"@id\":\"https:\/\/viennacitycard.com\/#\/schema\/logo\/image\/\"}}]}<\/script>\n<!-- \/ Yoast SEO plugin. -->","yoast_head_json":{"title":"Sekretesspolicy - Wienkortet","robots":{"index":"index","follow":"follow","max-snippet":"max-snippet:-1","max-image-preview":"max-image-preview:large","max-video-preview":"max-video-preview:-1"},"canonical":"https:\/\/viennacitycard.com\/sv\/integritetspolicy\/","og_locale":"sv_SE","og_type":"article","og_title":"Privacy Policy - Vienna City Card","og_description":"Privacy Policy I dati personali potrebbero essere utilizzati per la personalizzazione degli annunci pubblicitari e i cookies potrebbero essere utilizzati sia per annunci personalizzati che non. Questo blog&nbsp;non rappresenta una testata giornalistica&nbsp;in quanto viene aggiornato senza alcuna periodicit\u00e0 . Non pu\u00f2 pertanto considerarsi un prodotto editoriale ai sensi della legge n\u00b0 62 del 7.03.2001. L\u2019autore...","og_url":"https:\/\/viennacitycard.com\/sv\/integritetspolicy\/","og_site_name":"Vienna City Card","article_modified_time":"2025-03-25T17:36:05+00:00","twitter_card":"summary_large_image","twitter_misc":{"Ber\u00e4knad l\u00e4stid":"8 minuter"},"schema":{"@context":"https:\/\/schema.org","@graph":[{"@type":"WebPage","@id":"https:\/\/viennacitycard.com\/privacy-policy\/","url":"https:\/\/viennacitycard.com\/privacy-policy\/","name":"Sekretesspolicy - Wienkortet","isPartOf":{"@id":"https:\/\/viennacitycard.com\/#website"},"datePublished":"2023-10-13T08:03:35+00:00","dateModified":"2025-03-25T17:36:05+00:00","breadcrumb":{"@id":"https:\/\/viennacitycard.com\/privacy-policy\/#breadcrumb"},"inLanguage":"sv-SE","potentialAction":[{"@type":"ReadAction","target":["https:\/\/viennacitycard.com\/privacy-policy\/"]}]},{"@type":"BreadcrumbList","@id":"https:\/\/viennacitycard.com\/privacy-policy\/#breadcrumb","itemListElement":[{"@type":"ListItem","position":1,"name":"Home","item":"https:\/\/viennacitycard.com\/"},{"@type":"ListItem","position":2,"name":"Privacy Policy"}]},{"@type":"WebSite","@id":"https:\/\/viennacitycard.com\/#website","url":"https:\/\/viennacitycard.com\/","name":"Wienkortet","description":"Den officiella turistkartan \u00f6ver Wien","publisher":{"@id":"https:\/\/viennacitycard.com\/#organization"},"potentialAction":[{"@type":"SearchAction","target":{"@type":"EntryPoint","urlTemplate":"https:\/\/viennacitycard.com\/?s={search_term_string}"},"query-input":{"@type":"PropertyValueSpecification","valueRequired":true,"valueName":"search_term_string"}}],"inLanguage":"sv-SE"},{"@type":"Organization","@id":"https:\/\/viennacitycard.com\/#organization","name":"Wienkortet","url":"https:\/\/viennacitycard.com\/","logo":{"@type":"ImageObject","inLanguage":"sv-SE","@id":"https:\/\/viennacitycard.com\/#\/schema\/logo\/image\/","url":"https:\/\/viennacitycard.com\/wp-content\/uploads\/2023\/10\/cropped-cropped-ViennaCard-Orizzontale.png","contentUrl":"https:\/\/viennacitycard.com\/wp-content\/uploads\/2023\/10\/cropped-cropped-ViennaCard-Orizzontale.png","width":1280,"height":467,"caption":"Vienna City Card"},"image":{"@id":"https:\/\/viennacitycard.com\/#\/schema\/logo\/image\/"}}]}},"_links":{"self":[{"href":"https:\/\/viennacitycard.com\/sv\/wp-json\/wp\/v2\/pages\/3","targetHints":{"allow":["GET"]}}],"collection":[{"href":"https:\/\/viennacitycard.com\/sv\/wp-json\/wp\/v2\/pages"}],"about":[{"href":"https:\/\/viennacitycard.com\/sv\/wp-json\/wp\/v2\/types\/page"}],"author":[{"embeddable":true,"href":"https:\/\/viennacitycard.com\/sv\/wp-json\/wp\/v2\/users\/1"}],"replies":[{"embeddable":true,"href":"https:\/\/viennacitycard.com\/sv\/wp-json\/wp\/v2\/comments?post=3"}],"version-history":[{"count":6,"href":"https:\/\/viennacitycard.com\/sv\/wp-json\/wp\/v2\/pages\/3\/revisions"}],"predecessor-version":[{"id":881,"href":"https:\/\/viennacitycard.com\/sv\/wp-json\/wp\/v2\/pages\/3\/revisions\/881"}],"wp:attachment":[{"href":"https:\/\/viennacitycard.com\/sv\/wp-json\/wp\/v2\/media?parent=3"}],"curies":[{"name":"wp","href":"https:\/\/api.w.org\/{rel}","templated":true}]}}